{"id":7,"date":"2020-11-17T07:13:56","date_gmt":"2020-11-17T07:13:56","guid":{"rendered":"https:\/\/startertemplatecloud.com\/e02\/checkout\/"},"modified":"2024-11-08T15:14:22","modified_gmt":"2024-11-08T12:14:22","slug":"checkout","status":"publish","type":"page","link":"https:\/\/cvetochka.ee\/et\/checkout\/","title":{"rendered":"Tellimuse esitamine"},"content":{"rendered":"<div class=\"woocommerce\"><div class=\"woocommerce-notices-wrapper\"><\/div><div class=\"woocommerce-notices-wrapper\"><\/div>\n<form name=\"checkout\" method=\"post\" class=\"checkout woocommerce-checkout\" action=\"https:\/\/cvetochka.ee\/et\/checkout\/\" enctype=\"multipart\/form-data\" aria-label=\"Tellimuse esitamine\" data-no-translation-aria-label=\"\" data-trp-original-action=\"https:\/\/cvetochka.ee\/et\/checkout\/\">\n\n\t\n\t\t\n\t\t<div class=\"col2-set\" id=\"customer_details\">\n\t\t\t<div class=\"col-1\">\n\t\t\t\t<wc-order-attribution-inputs><\/wc-order-attribution-inputs><div class=\"woocommerce-billing-fields\">\n\t\n\t\t<h3 data-no-translation=\"\" data-trp-gettext=\"\">Arvelduse andmed<\/h3>\n\n\t\n\t\n\t<div class=\"woocommerce-billing-fields__field-wrapper\">\n\t\t<p class=\"form-row\" id=\"extra_field\" data-priority=\"\"><span class=\"woocommerce-input-wrapper\"><input type=\"text\" class=\"input-text\" name=\"extra\" id=\"extra\" placeholder=\"\"  value=\"\"  \/><\/span><\/p><p class=\"form-row\" id=\"fields_field\" data-priority=\"\"><span class=\"woocommerce-input-wrapper\"><input type=\"text\" class=\"input-text\" name=\"fields\" id=\"fields\" placeholder=\"\"  value=\"\"  \/><\/span><\/p>\t<\/div>\n\n\t        <div id=\"cvetochka-datetime-section\" class=\"cvetochka-section\">\n            <h3 class=\"cvetochka-section-title\">\u041a\u043e\u0433\u0434\u0430 \u0434\u043e\u0441\u0442\u0430\u0432\u0438\u0442\u044c\/\u0441\u043e\u0431\u0440\u0430\u0442\u044c \u0437\u0430\u043a\u0430\u0437?            <\/h3>\n            <div class=\"cvetochka-datetime-grid\">\n                <p class=\"form-row form-row-first validate-required\" id=\"cvetochka_delivery_date_field\">\n                    <label for=\"cvetochka_delivery_date\">\n                        \u0414\u0430\u0442\u0430&nbsp;<abbr class=\"required\"\n                            title=\"\u043e\u0431\u044f\u0437\u0430\u0442\u0435\u043b\u044c\u043d\u043e\">*<\/abbr>\n                    <\/label>\n                    <span class=\"woocommerce-input-wrapper cvetochka-date-wrapper\">\n                        <input type=\"text\" class=\"input-text flatpickr-input\" name=\"cvetochka_delivery_date\"\n                            id=\"cvetochka_delivery_date\"\n                            placeholder=\"\u0412\u044b\u0431\u0435\u0440\u0438\u0442\u0435 \u0434\u0430\u0442\u0443...\" readonly=\"readonly\"\n                            style=\"background-color: #fff; cursor: pointer;\">\n                        <span class=\"cvetochka-calendar-icon cvetochka-icon-date\"><\/span>\n                    <\/span>\n                <\/p>\n\n                <p class=\"form-row form-row-last validate-required\" id=\"cvetochka_delivery_time_field\">\n                    <label for=\"cvetochka_delivery_time\">\n                        \u041e\u0440\u0438\u0435\u043d\u0442\u0438\u0440\u043e\u0432\u043e\u0447\u043d\u043e\u0435 \u0432\u0440\u0435\u043c\u044f&nbsp;<abbr class=\"required\"\n                            title=\"\u043e\u0431\u044f\u0437\u0430\u0442\u0435\u043b\u044c\u043d\u043e\">*<\/abbr>\n                    <\/label>\n                    <span class=\"woocommerce-input-wrapper cvetochka-time-wrapper\">\n                        <input type=\"text\" class=\"input-text flatpickr-input\" name=\"cvetochka_delivery_time\"\n                            id=\"cvetochka_delivery_time\"\n                            placeholder=\"\u041d\u0430\u043f\u0440\u0438\u043c\u0435\u0440: 14:30\"\n                            style=\"background-color: #fff; cursor: text;\">\n                        <span class=\"cvetochka-calendar-icon cvetochka-icon-time\"><\/span>\n                    <\/span>\n                <\/p>\n            <\/div>\n        <\/div>\n        <wc-order-attribution-inputs><\/wc-order-attribution-inputs>        <div id=\"cvetochka-recipient-section\" class=\"cvetochka-section\">\n            <div class=\"cvetochka-recipient-toggle\" style=\"margin-top: 25px;\">\n                <label class=\"cvetochka-toggle-label\">\n                    <input type=\"checkbox\" id=\"cvetochka_myself_recipient\" name=\"cvetochka_myself_recipient\" value=\"1\">\n                    <span\n                        class=\"cvetochka-toggle-text\">\u042f \u0441\u0430\u043c(\u0430) \u043f\u043e\u043b\u0443\u0447\u0443 \u0437\u0430\u043a\u0430\u0437<\/span>\n                <\/label>\n            <\/div>\n\n            <div id=\"cvetochka-recipient-fields\" class=\"cvetochka-recipient-fields\">\n                <p class=\"form-row form-row-wide validate-required\" id=\"cvetochka_recipient_name_field\">\n                    <label for=\"cvetochka_recipient_name\">\n                        \u041f\u043e\u043b\u043d\u043e\u0435 \u0438\u043c\u044f \u043f\u043e\u043b\u0443\u0447\u0430\u0442\u0435\u043b\u044f&nbsp;\n                        <abbr class=\"required\" title=\"\u043e\u0431\u044f\u0437\u0430\u0442\u0435\u043b\u044c\u043d\u043e\">*<\/abbr>\n                    <\/label>\n                    <span class=\"woocommerce-input-wrapper\">\n                        <input type=\"text\" class=\"input-text\" name=\"cvetochka_recipient_name\" id=\"cvetochka_recipient_name\"\n                            placeholder=\"\u0418\u043c\u044f \u0438 \u0444\u0430\u043c\u0438\u043b\u0438\u044f \u043f\u043e\u043b\u0443\u0447\u0430\u0442\u0435\u043b\u044f\" value=\"\">\n                    <\/span>\n                <\/p>\n\n                <p class=\"form-row form-row-wide validate-required validate-phone\" id=\"cvetochka_recipient_phone_field\">\n                    <label for=\"cvetochka_recipient_phone\">\n                        \u0422\u0435\u043b\u0435\u0444\u043e\u043d \u043f\u043e\u043b\u0443\u0447\u0430\u0442\u0435\u043b\u044f&nbsp;\n                        <abbr class=\"required\" title=\"\u043e\u0431\u044f\u0437\u0430\u0442\u0435\u043b\u044c\u043d\u043e\">*<\/abbr>\n                    <\/label>\n                    <span class=\"woocommerce-input-wrapper\">\n                        <input type=\"tel\" class=\"input-text\" name=\"cvetochka_recipient_phone\" id=\"cvetochka_recipient_phone\"\n                            placeholder=\"+372 ...\" value=\"\">\n                    <\/span>\n                <\/p>\n            <\/div>\n        <\/div>\n        <\/div>\n\n\t\t\t<\/div>\n\n\t\t\t<div class=\"col-2\">\n\t\t\t\t<wc-order-attribution-inputs><\/wc-order-attribution-inputs><div class=\"woocommerce-shipping-fields\">\n\t\n\t\t<h3 id=\"ship-to-different-address\">\n\t\t\t<label class=\"woocommerce-form__label woocommerce-form__label-for-checkbox checkbox\">\n\t\t\t\t<input id=\"ship-to-different-address-checkbox\" class=\"woocommerce-form__input woocommerce-form__input-checkbox input-checkbox\"  type=\"checkbox\" name=\"ship_to_different_address\" value=\"1\" \/> <span data-no-translation=\"\" data-trp-gettext=\"\">Kohaletoimetamine \/ saaja andmed<\/span>\n\t\t\t<\/label>\n\t\t<\/h3>\n\n\t\t<div class=\"shipping_address\">\n\n\t\t\t\n\t\t\t<div class=\"woocommerce-shipping-fields__field-wrapper\">\n\t\t\t\t<p class=\"form-row\" id=\"extra_field\" data-priority=\"\"><span class=\"woocommerce-input-wrapper\"><input type=\"text\" class=\"input-text\" name=\"extra\" id=\"extra\" placeholder=\"\"  value=\"\"  \/><\/span><\/p><p class=\"form-row\" id=\"fields_field\" data-priority=\"\"><span class=\"woocommerce-input-wrapper\"><input type=\"text\" class=\"input-text\" name=\"fields\" id=\"fields\" placeholder=\"\"  value=\"\"  \/><\/span><\/p>\t\t\t<\/div>\n\n\t\t\t\n\t\t<\/div>\n\n\t<\/div>\n<div class=\"woocommerce-additional-fields\">\n\t\n\t\n\t\t\n\t\t<div class=\"woocommerce-additional-fields__field-wrapper\">\n\t\t\t\t\t\t\t<p class=\"form-row\" id=\"extra_field\" data-priority=\"\"><span class=\"woocommerce-input-wrapper\"><input type=\"text\" class=\"input-text\" name=\"extra\" id=\"extra\" placeholder=\"\"  value=\"\"  \/><\/span><\/p>\t\t\t\t\t\t\t<p class=\"form-row\" id=\"fields_field\" data-priority=\"\"><span class=\"woocommerce-input-wrapper\"><input type=\"text\" class=\"input-text\" name=\"fields\" id=\"fields\" placeholder=\"\"  value=\"\"  \/><\/span><\/p>\t\t\t\t\t<\/div>\n\n\t\n\t<wc-order-attribution-inputs><\/wc-order-attribution-inputs><\/div>\n\t\t\t<\/div>\n\t\t<\/div>\n\n\t\t<wc-order-attribution-inputs><\/wc-order-attribution-inputs>\n\t\t\n\t\t\n\t<h3 id=\"order_review_heading\" data-no-translation=\"\" data-trp-gettext=\"\">Sinu tellimus<\/h3>\n\t\n\t\n\t<div id=\"order_review\" class=\"woocommerce-checkout-review-order\">\n\t\t<table class=\"shop_table woocommerce-checkout-review-order-table\">\n\t<thead>\n\t\t<tr>\n\t\t\t<th class=\"product-name\" data-no-translation=\"\" data-trp-gettext=\"\">Product<\/th>\n\t\t\t<th class=\"product-total\" data-no-translation=\"\" data-trp-gettext=\"\">Vahesumma<\/th>\n\t\t<\/tr>\n\t<\/thead>\n\t<tbody>\n\t\t\t\t\t\t<tr class=\"cart_item\">\n\t\t\t\t\t<td class=\"product-name\">\n\t\t\t\t\t\t\u0421\u043b\u0430\u0434\u043a\u043e\u0435 \u0443\u0442\u0440\u043e&nbsp;\t\t\t\t\t\t <strong class=\"product-quantity\">&times;&nbsp;1<\/strong>\t\t\t\t\t\t\t\t\t\t\t<\/td>\n\t\t\t\t\t<td class=\"product-total\">\n\t\t\t\t\t\t<span class=\"woocommerce-Price-amount amount\"><bdi>58,00&nbsp;<span class=\"woocommerce-Price-currencySymbol\">\u20ac<\/span><\/bdi><\/span>\t\t\t\t\t<\/td>\n\t\t\t\t<\/tr>\n\t\t\t\t\t\t\t\t<tr class=\"cart_item\">\n\t\t\t\t\t<td class=\"product-name\">\n\t\t\t\t\t\t\u0420\u043e\u0437\u043e\u0432\u0430\u044f \u043f\u0443\u0434\u0440\u0430&nbsp;\t\t\t\t\t\t <strong class=\"product-quantity\">&times;&nbsp;2<\/strong>\t\t\t\t\t\t\t\t\t\t\t<\/td>\n\t\t\t\t\t<td class=\"product-total\">\n\t\t\t\t\t\t<span class=\"woocommerce-Price-amount amount\"><bdi>126,00&nbsp;<span class=\"woocommerce-Price-currencySymbol\">\u20ac<\/span><\/bdi><\/span>\t\t\t\t\t<\/td>\n\t\t\t\t<\/tr>\n\t\t\t\t\t\t\t\t<tr class=\"cart_item\">\n\t\t\t\t\t<td class=\"product-name\">\n\t\t\t\t\t\t\u041b\u0451\u0433\u043a\u0438\u0435 \u043a\u0430\u043a \u043e\u0431\u043b\u0430\u043a\u0430&nbsp;\t\t\t\t\t\t <strong class=\"product-quantity\">&times;&nbsp;1<\/strong>\t\t\t\t\t\t\t\t\t\t\t<\/td>\n\t\t\t\t\t<td class=\"product-total\">\n\t\t\t\t\t\t<span class=\"woocommerce-Price-amount amount\"><bdi>51,00&nbsp;<span class=\"woocommerce-Price-currencySymbol\">\u20ac<\/span><\/bdi><\/span>\t\t\t\t\t<\/td>\n\t\t\t\t<\/tr>\n\t\t\t\t\t\t\t\t<tr class=\"cart_item\">\n\t\t\t\t\t<td class=\"product-name\">\n\t\t\t\t\t\t\u041d\u043e\u0432\u0438\u043d\u043a\u0430&nbsp;\t\t\t\t\t\t <strong class=\"product-quantity\">&times;&nbsp;1<\/strong>\t\t\t\t\t\t\t\t\t\t\t<\/td>\n\t\t\t\t\t<td class=\"product-total\">\n\t\t\t\t\t\t<span class=\"woocommerce-Price-amount amount\"><bdi>160,00&nbsp;<span class=\"woocommerce-Price-currencySymbol\">\u20ac<\/span><\/bdi><\/span>\t\t\t\t\t<\/td>\n\t\t\t\t<\/tr>\n\t\t\t\t\t\t\t\t<tr class=\"cart_item\">\n\t\t\t\t\t<td class=\"product-name\">\n\t\t\t\t\t\t\u041d\u0435\u0436\u043d\u044b\u0435 \u043a\u0430\u043a \u043a\u0440\u0435\u043c&nbsp;\t\t\t\t\t\t <strong class=\"product-quantity\">&times;&nbsp;1<\/strong>\t\t\t\t\t\t\t\t\t\t\t<\/td>\n\t\t\t\t\t<td class=\"product-total\">\n\t\t\t\t\t\t<span class=\"woocommerce-Price-amount amount\"><bdi>21,00&nbsp;<span class=\"woocommerce-Price-currencySymbol\">\u20ac<\/span><\/bdi><\/span>\t\t\t\t\t<\/td>\n\t\t\t\t<\/tr>\n\t\t\t\t\t\t\t\t<tr class=\"cart_item\">\n\t\t\t\t\t<td class=\"product-name\">\n\t\t\t\t\t\t\u0420\u043e\u043c\u0430\u0448\u043a\u0438&nbsp;\t\t\t\t\t\t <strong class=\"product-quantity\">&times;&nbsp;1<\/strong>\t\t\t\t\t\t\t\t\t\t\t<\/td>\n\t\t\t\t\t<td class=\"product-total\">\n\t\t\t\t\t\t<span class=\"woocommerce-Price-amount amount\"><bdi>25,00&nbsp;<span class=\"woocommerce-Price-currencySymbol\">\u20ac<\/span><\/bdi><\/span>\t\t\t\t\t<\/td>\n\t\t\t\t<\/tr>\n\t\t\t\t\t\t\t\t<tr class=\"cart_item\">\n\t\t\t\t\t<td class=\"product-name\">\n\t\t\t\t\t\t\u0421 \u043a\u043b\u0443\u043c\u0431\u044b \u0432 \u043e\u0444\u0438\u0441&nbsp;\t\t\t\t\t\t <strong class=\"product-quantity\">&times;&nbsp;1<\/strong>\t\t\t\t\t\t\t\t\t\t\t<\/td>\n\t\t\t\t\t<td class=\"product-total\">\n\t\t\t\t\t\t<span class=\"woocommerce-Price-amount amount\"><bdi>90,00&nbsp;<span class=\"woocommerce-Price-currencySymbol\">\u20ac<\/span><\/bdi><\/span>\t\t\t\t\t<\/td>\n\t\t\t\t<\/tr>\n\t\t\t\t\t\t\t\t<tr class=\"cart_item\">\n\t\t\t\t\t<td class=\"product-name\">\n\t\t\t\t\t\tRoses Kenya&nbsp;\t\t\t\t\t\t <strong class=\"product-quantity\">&times;&nbsp;2<\/strong>\t\t\t\t\t\t\t\t\t\t\t<\/td>\n\t\t\t\t\t<td class=\"product-total\">\n\t\t\t\t\t\t<span class=\"woocommerce-Price-amount amount\"><bdi>106,00&nbsp;<span class=\"woocommerce-Price-currencySymbol\">\u20ac<\/span><\/bdi><\/span>\t\t\t\t\t<\/td>\n\t\t\t\t<\/tr>\n\t\t\t\t\t\t\t\t<tr class=\"cart_item\">\n\t\t\t\t\t<td class=\"product-name\">\n\t\t\t\t\t\t\u041e\u0431\u043b\u0430\u0447\u043d\u0430\u044f \u043b\u0451\u0433\u043a\u043e\u0441\u0442\u044c&nbsp;\t\t\t\t\t\t <strong class=\"product-quantity\">&times;&nbsp;1<\/strong>\t\t\t\t\t\t\t\t\t\t\t<\/td>\n\t\t\t\t\t<td class=\"product-total\">\n\t\t\t\t\t\t<span class=\"woocommerce-Price-amount amount\"><bdi>35,00&nbsp;<span class=\"woocommerce-Price-currencySymbol\">\u20ac<\/span><\/bdi><\/span>\t\t\t\t\t<\/td>\n\t\t\t\t<\/tr>\n\t\t\t\t\t\t\t\t<tr class=\"cart_item\">\n\t\t\t\t\t<td class=\"product-name\">\n\t\t\t\t\t\t\u041f\u043e\u0440\u0430\u0434\u0443\u0439 \u0435\u0451&nbsp;\t\t\t\t\t\t <strong class=\"product-quantity\">&times;&nbsp;1<\/strong>\t\t\t\t\t\t\t\t\t\t\t<\/td>\n\t\t\t\t\t<td class=\"product-total\">\n\t\t\t\t\t\t<span class=\"woocommerce-Price-amount amount\"><bdi>30,00&nbsp;<span class=\"woocommerce-Price-currencySymbol\">\u20ac<\/span><\/bdi><\/span>\t\t\t\t\t<\/td>\n\t\t\t\t<\/tr>\n\t\t\t\t\t<\/tbody>\n\t<tfoot>\n\n\t\t<tr class=\"cart-subtotal\">\n\t\t\t<th data-no-translation=\"\" data-trp-gettext=\"\">Vahesumma<\/th>\n\t\t\t<td><span class=\"woocommerce-Price-amount amount\"><bdi>702,00&nbsp;<span class=\"woocommerce-Price-currencySymbol\">\u20ac<\/span><\/bdi><\/span><\/td>\n\t\t<\/tr>\n\n\t\t\n\t\t\n\t\t\t\n\t\t\t<tr class=\"woocommerce-shipping-totals shipping\">\n\t<th data-no-translation=\"\" data-trp-gettext=\"\">Shipment<\/th>\n\t<td data-title=\"Shipment\" data-no-translation-data-title=\"\">\n\t\tEnter your address to view shipping options.\n\t\t\n\t\t\t<\/td>\n<\/tr>\n\n\t\t\t\n\t\t\n\t\t\n\t\t\n\t\t\n\t\t<tr class=\"order-total\">\n\t\t\t<th data-no-translation=\"\" data-trp-gettext=\"\">Kokku<\/th>\n\t\t\t<td><strong><span class=\"woocommerce-Price-amount amount\"><bdi>702,00&nbsp;<span class=\"woocommerce-Price-currencySymbol\">\u20ac<\/span><\/bdi><\/span><\/strong> <\/td>\n\t\t<\/tr>\n\n\t\t\n\t<\/tfoot>\n<\/table>\n<div id=\"payment\" class=\"woocommerce-checkout-payment\">\n\t\t\t<ul class=\"wc_payment_methods payment_methods methods\">\n\t\t\t<li class=\"wc_payment_method payment_method_cpsw_stripe\">\n\t<input id=\"payment_method_cpsw_stripe\" type=\"radio\" class=\"input-radio\" name=\"payment_method\" value=\"cpsw_stripe\"  checked='checked' data-order_button_text=\"\" \/>\n\n\t<label for=\"payment_method_cpsw_stripe\">\n\t\tCredit\u00a0Card\u00a0(Stripe) <span class=\"cpsw_stripe_icons\"><img decoding=\"async\" data-src=\"https:\/\/cvetochka.ee\/wp-content\/plugins\/woocommerce\/assets\/images\/icons\/credit-cards\/visa.svg\" alt=\"Visa\" width=\"32\" title=\"VISA\" style=\"margin-left: 0.3em\" src=\"data:image\/svg+xml;base64,PHN2ZyB3aWR0aD0iMSIgaGVpZ2h0PSIxIiB4bWxucz0iaHR0cDovL3d3dy53My5vcmcvMjAwMC9zdmciPjwvc3ZnPg==\" class=\"lazyload\" \/><img decoding=\"async\" data-src=\"https:\/\/cvetochka.ee\/wp-content\/plugins\/woocommerce\/assets\/images\/icons\/credit-cards\/mastercard.svg\" alt=\"Mastercard\" width=\"32\" title=\"Master Card\" style=\"margin-left: 0.3em\" src=\"data:image\/svg+xml;base64,PHN2ZyB3aWR0aD0iMSIgaGVpZ2h0PSIxIiB4bWxucz0iaHR0cDovL3d3dy53My5vcmcvMjAwMC9zdmciPjwvc3ZnPg==\" class=\"lazyload\" \/><img decoding=\"async\" data-src=\"https:\/\/cvetochka.ee\/wp-content\/plugins\/woocommerce\/assets\/images\/icons\/credit-cards\/amex.svg\" alt=\"Amex\" width=\"32\" title=\"American Express\" style=\"margin-left: 0.3em\" src=\"data:image\/svg+xml;base64,PHN2ZyB3aWR0aD0iMSIgaGVpZ2h0PSIxIiB4bWxucz0iaHR0cDovL3d3dy53My5vcmcvMjAwMC9zdmciPjwvc3ZnPg==\" class=\"lazyload\" \/><\/span>\t<\/label>\n\t\t\t<div class=\"payment_box payment_method_cpsw_stripe\" >\n\t\t\t<div class=\"status-box\"><\/div><div class=\"cpsw-stipe-pay-data\"><div class=\"cpsw-stripe-info\"><p>Pay\u00a0with\u00a0your\u00a0credit\u00a0card\u00a0via\u00a0Stripe<\/p>\n<\/div><div class=\"cpsw-stripe-elements-form\">\t\t\t<span class=\"cpsw-cc\"><\/span>\n\t\t\t<span class=\"cpsw-stripe-error\"><\/span>\n\t\t\t<\/div><\/div>\t\t<\/div>\n\t<\/li>\n<li class=\"wc_payment_method payment_method_cod\">\n\t<input id=\"payment_method_cod\" type=\"radio\" class=\"input-radio\" name=\"payment_method\" value=\"cod\"  data-order_button_text=\"\" \/>\n\n\t<label for=\"payment_method_cod\">\n\t\t\u041e\u043f\u043b\u0430\u0442\u0430 \u043f\u0440\u0438 \u0434\u043e\u0441\u0442\u0430\u0432\u043a\u0435 \t<\/label>\n\t\t\t<div class=\"payment_box payment_method_cod\" style=\"display:none;\">\n\t\t\t<p>\u041e\u043f\u043b\u0430\u0442\u0430 \u043d\u0430\u043b\u0438\u0447\u043d\u044b\u043c\u0438 \u043f\u0440\u0438 \u0434\u043e\u0441\u0442\u0430\u0432\u043a\u0435 \u0437\u0430\u043a\u0430\u0437\u0430.<\/p>\n\t\t<\/div>\n\t<\/li>\n\t\t<\/ul>\n\t\t<div class=\"form-row place-order\">\n\t\t<noscript>\n\t\t\tKuna sinu brauser ei toeta Javascripti v\u00f5i see on v\u00e4lja l\u00fclitatud, siis palun veendu, et vajutad <em>Uuenda ostukorvi<\/em> nuppu enne, kui esitad oma tellimuse. Kui sa seda ei tee, siis v\u00f5ib juhtuda, et sinult v\u00f5etakse rohkem raha, kui \u00fclal v\u00e4lja toodud.\t\t\t<br\/><button type=\"submit\" class=\"button alt\" name=\"woocommerce_checkout_update_totals\" value=\"Uuenda summasid\" data-no-translation=\"\" data-trp-gettext=\"\" data-no-translation-value=\"\">Uuenda summasid<\/button>\n\t\t<\/noscript>\n\n\t\t\t<div class=\"woocommerce-terms-and-conditions-wrapper\">\n\t\t<div class=\"woocommerce-privacy-policy-text\"><p>Teie isikuandmeid kasutatakse teie tellimuse t\u00f6\u00f6tlemiseks, teie suhtluse toetamiseks selle veebisaidiga ja muudel eesm\u00e4rkidel, mida on kirjeldatud meie <a href=\"https:\/\/cvetochka.ee\/et\/policy\/\" class=\"woocommerce-privacy-policy-link\" target=\"_blank\" data-no-translation=\"\" data-trp-gettext=\"\">privaatsuspoliitika<\/a>.<\/p>\n<\/div><div class=\"woocommerce-terms-and-conditions\" style=\"display: none; max-height: 200px; overflow: auto;\"><h2 class=\"wp-block-heading\"><strong>Saidi kasutustingimused<\/strong><\/h2>\n<p class=\"translation-block\">J\u00f5ustumiskuup\u00e4ev: 25.12.2024<br>Veebileht: <strong><a href=\"https:\/\/cvetochka.ee\/et\/\" target=\"_self\">https:\/\/cvetochka.ee<\/a><\/strong> <br>Omanik: <strong>ROZ O\u00dc<\/strong><br>Kontaktmeil: <strong><a target=\"_self\">1raulzhelnov@gmail.com<\/a><\/strong><\/p>\n<hr class=\"wp-block-separator has-alpha-channel-opacity\" \/>\n<h3 class=\"wp-block-heading\"><strong>1. \u00dclds\u00e4tted<\/strong><\/h3>\n<p class=\"translation-block\">1.1. K\u00e4esolevad tingimused reguleerivad veebilehe <strong><a href=\"https:\/\/cvetochka.ee\/et\/\" target=\"_self\">https:\/\/cvetochka.ee<\/a><\/strong> (edaspidi viidatud) kasutamist kui \u201esait\u201d) .<br>1.2. Saiti kasutades n\u00f5ustute nende tingimustega. Kui te tingimustega ei n\u00f5ustu, l\u00f5petage saidi kasutamine.<br>1.3. Saidi omanik j\u00e4tab endale \u00f5iguse neid tingimusi igal ajal ilma ette teatamata muuta. Uuendatud tingimused j\u00f5ustuvad nende saidil avaldamise hetkest.<\/p>\n<hr class=\"wp-block-separator has-alpha-channel-opacity\" \/>\n<h3 class=\"wp-block-heading\"><strong>2. Tellimuste esitamine<\/strong><\/h3>\n<p class=\"translation-block\">2.1. K\u00f5ik tellimused esitatakse saidi kaudu ja need loetakse kinnitatuks alles p\u00e4rast makse laekumist.<br>2.2. Kui tellimuses m\u00e4rgitud toodet pole saadaval, v\u00f5tame teiega \u00fcksikasjade t\u00e4psustamiseks \u00fchendust.<br>2.3. Kohaletoimetamine toimub kindlaksm\u00e4\u00e4ratud aja jooksul, kuid meist mitteolenevatel p\u00f5hjustel (ilmastikutingimused, kohaletoimetamisteenused jne) v\u00f5ivad viivitused tekkida.<\/p>\n<hr class=\"wp-block-separator has-alpha-channel-opacity\" \/>\n<h3 class=\"wp-block-heading\"><strong>3. Makse ja hinnad<\/strong><\/h3>\n<p class=\"translation-block\">3.1. K\u00f5ik kaupade hinnad on m\u00e4rgitud saidil ja neid v\u00f5idakse ette teatamata muuta.<br>3.2. Maksmine toimub s\u00fcsteemi <strong>Stripe<\/strong> ja muude saadaolevate meetodite kaudu.<br>3.3. Kui kauba hinnas esineb tehnilisi vigu, teavitame Teid sellest ja pakume Teile v\u00f5imalust kinnitada tellimus \u00f5ige hinnaga v\u00f5i t\u00fchistada.<\/p>\n<hr class=\"wp-block-separator has-alpha-channel-opacity\" \/>\n<h3 class=\"wp-block-heading\"><strong>4. Tagastamis- ja t\u00fchistamispoliitika<\/strong><\/h3>\n<p class=\"translation-block\">Pange t\u00e4hele, tagastuspoliitikat saab lugeda <a href=\"https:\/\/cvetochka.ee\/et\/ --\/\" target=\"_self\">SIIN<\/a>:<\/p>\n<hr class=\"wp-block-separator has-alpha-channel-opacity\" \/>\n<h3 class=\"wp-block-heading\"><strong>5. Poolte \u00f5igused ja kohustused<\/strong><\/h3>\n<p>5.1. Saidi omanik kohustub:<\/p>\n<ul class=\"wp-block-list\">\n<li>Esitage t\u00e4pset teavet toodete, teenuste ja hindade kohta.<\/li>\n<li>Tagada klientide isikuandmete kaitse.<\/li>\n<\/ul>\n<p>5.2. Kasutaja kohustub:<\/p>\n<ul class=\"wp-block-list\">\n<li>\u00c4rge rikkuge kehtivaid seadusi ja \u00e4rge kasutage saiti ebaseaduslikel eesm\u00e4rkidel.<\/li>\n<li>Registreerimisel ja tellimuste esitamisel esitage t\u00e4pne teave.<\/li>\n<\/ul>\n<hr class=\"wp-block-separator has-alpha-channel-opacity\" \/>\n<h3 class=\"wp-block-heading\"><strong>6. Vastutuse piiramine<\/strong><\/h3>\n<p>6.1 \u0412\u043b\u0430\u0434\u0435\u043b\u0435\u0446 \u0421\u0430\u0439\u0442\u0430 \u043d\u0435 \u043d\u0435\u0441\u0435\u0442 \u043e\u0442\u0432\u0435\u0442\u0441\u0442\u0432\u0435\u043d\u043d\u043e\u0441\u0442\u0438 \u0437\u0430:<\/p>\n<ul class=\"wp-block-list\">\n<li>Transpordifirmade p\u00f5hjustatud tarneviivitused.<\/li>\n<li>Kauba v\u00e4\u00e4rkasutamine ostja poolt.<\/li>\n<li>Tehnilistest probleemidest p\u00f5hjustatud katkestused saidi t\u00f6\u00f6s.<\/li>\n<\/ul>\n<hr class=\"wp-block-separator has-alpha-channel-opacity\" \/>\n<h3 class=\"wp-block-heading\"><strong>7. Intellektuaalomand<\/strong><\/h3>\n<p class=\"translation-block\">7.1. K\u00f5ik saidil esitatavad materjalid, sealhulgas tekst, pildid, logod ja kujundus, on <strong>ROZ O\u00dc<\/strong> intellektuaalomand.<br>7.2. Materjalide kopeerimine v\u00f5i kasutamine ilma kirjaliku n\u00f5usolekuta on keelatud.<\/p>\n<hr class=\"wp-block-separator has-alpha-channel-opacity\" \/>\n<h3 class=\"wp-block-heading\"><strong>8. Privaatsuspoliitika<\/strong><\/h3>\n<p class=\"translation-block\">8.1. Saidi kasutamist reguleerivad privaatsuspoliitika (vt <a href=\"https:\/\/cvetochka.ee\/et\/policy\/\" target=\"_self\">SIIT<\/a>).<br>8.2. Oleme p\u00fchendunud teie isikuandmete kaitsmisele vastavalt GDPR-i n\u00f5uetele.<\/p>\n<hr class=\"wp-block-separator has-alpha-channel-opacity\" \/>\n<h3 class=\"wp-block-heading\"><strong>9. Kohaldatav \u00f5igus<\/strong><\/h3>\n<p class=\"translation-block\">9.1. K\u00e4esolevatele Tingimustele kohaldatakse Eesti seadusi.<br>9.2. K\u00f5ik k\u00e4esolevatest tingimustest tulenevad vaidlused lahendatakse Eesti kohtus.<\/p>\n<hr class=\"wp-block-separator has-alpha-channel-opacity\" \/>\n<h3 class=\"wp-block-heading\"><strong>10. Kontaktandmed<\/strong><\/h3>\n<p>Kui teil on nende tingimuste kohta k\u00fcsimusi, v\u00f5tke meiega \u00fchendust:<\/p>\n<ul class=\"wp-block-list\">\n<li class=\"translation-block\">E-post: <strong><a target=\"_self\">1raulzhelnov@gmail.com<\/a><\/strong><\/li>\n<li class=\"translation-block\">Omanik: <strong>ROZ O\u00dc<\/strong><\/li>\n<\/ul>\n<\/div>\n\t\t\t<\/div>\n\t\n\t\t\n\t\t<button type=\"submit\" class=\"button alt\" name=\"woocommerce_checkout_place_order\" id=\"place_order\" value=\"Esita tellimus\" data-value=\"Esita tellimus\" data-no-translation=\"\" data-trp-gettext=\"\" data-no-translation-value=\"\" data-no-translation-data-value=\"\">Esita tellimus<\/button>\n\t\t\n\t\t<input type=\"hidden\" id=\"woocommerce-process-checkout-nonce\" name=\"woocommerce-process-checkout-nonce\" value=\"9dbe65c39e\" \/><input type=\"hidden\" name=\"_wp_http_referer\" value=\"\/et\/wp-json\/wp\/v2\/pages\/7\" \/>\t<\/div>\n<\/div>\n\t<\/div>\n\n\t\n<input type=\"hidden\" name=\"trp-form-language\" value=\"et\"\/><\/form>\n\n<\/div>","protected":false},"excerpt":{"rendered":"","protected":false},"author":1,"featured_media":0,"parent":0,"menu_order":0,"comment_status":"closed","ping_status":"closed","template":"","meta":{"_kad_post_transparent":"","_kad_post_title":"","_kad_post_layout":"","_kad_post_sidebar_id":"","_kad_post_content_style":"","_kad_post_vertical_padding":"","_kad_post_feature":"","_kad_post_feature_position":"","_kad_post_header":false,"_kad_post_footer":false,"_kad_post_classname":"","footnotes":""},"class_list":["post-7","page","type-page","status-publish","hentry"],"jetpack_sharing_enabled":true,"_links":{"self":[{"href":"https:\/\/cvetochka.ee\/et\/wp-json\/wp\/v2\/pages\/7","targetHints":{"allow":["GET"]}}],"collection":[{"href":"https:\/\/cvetochka.ee\/et\/wp-json\/wp\/v2\/pages"}],"about":[{"href":"https:\/\/cvetochka.ee\/et\/wp-json\/wp\/v2\/types\/page"}],"author":[{"embeddable":true,"href":"https:\/\/cvetochka.ee\/et\/wp-json\/wp\/v2\/users\/1"}],"replies":[{"embeddable":true,"href":"https:\/\/cvetochka.ee\/et\/wp-json\/wp\/v2\/comments?post=7"}],"version-history":[{"count":1,"href":"https:\/\/cvetochka.ee\/et\/wp-json\/wp\/v2\/pages\/7\/revisions"}],"predecessor-version":[{"id":1752,"href":"https:\/\/cvetochka.ee\/et\/wp-json\/wp\/v2\/pages\/7\/revisions\/1752"}],"wp:attachment":[{"href":"https:\/\/cvetochka.ee\/et\/wp-json\/wp\/v2\/media?parent=7"}],"curies":[{"name":"wp","href":"https:\/\/api.w.org\/{rel}","templated":true}]}}