{"id":492,"date":"2020-10-26T11:38:49","date_gmt":"2020-10-26T08:38:49","guid":{"rendered":"http:\/\/www.grafas.org\/demo02\/?page_id=492"},"modified":"2025-10-06T00:18:00","modified_gmt":"2025-10-05T21:18:00","slug":"about","status":"publish","type":"page","link":"https:\/\/cvetochka.ee\/et\/about\/","title":{"rendered":"Meie kohta"},"content":{"rendered":"<div data-elementor-type=\"wp-page\" data-elementor-id=\"492\" class=\"elementor elementor-492\" wpc-filter-elementor-widget=\"1\">\n\t\t\t\t\t\t<section class=\"elementor-section elementor-top-section elementor-element elementor-element-447bb11 elementor-section-height-min-height elementor-section-items-bottom elementor-section-boxed elementor-section-height-default\" data-id=\"447bb11\" data-element_type=\"section\" data-e-type=\"section\" data-settings=\"{&quot;background_background&quot;:&quot;classic&quot;}\">\n\t\t\t\t\t\t\t<div class=\"elementor-background-overlay\"><\/div>\n\t\t\t\t\t\t\t<div class=\"elementor-container elementor-column-gap-default\">\n\t\t\t\t\t<div class=\"elementor-column elementor-col-50 elementor-top-column elementor-element elementor-element-01b2a2e\" data-id=\"01b2a2e\" data-element_type=\"column\" data-e-type=\"column\">\n\t\t\t<div class=\"elementor-widget-wrap elementor-element-populated\">\n\t\t\t\t\t\t<div class=\"elementor-element elementor-element-5cf34b4 elementor-widget elementor-widget-heading\" data-id=\"5cf34b4\" data-element_type=\"widget\" data-e-type=\"widget\" data-widget_type=\"heading.default\">\n\t\t\t\t<div class=\"elementor-widget-container\">\n\t\t\t\t\t<h2 class=\"elementor-heading-title elementor-size-default\">Meie kohta<\/h2>\t\t\t\t<\/div>\n\t\t\t\t<\/div>\n\t\t\t\t\t<\/div>\n\t\t<\/div>\n\t\t\t\t<div class=\"elementor-column elementor-col-50 elementor-top-column elementor-element elementor-element-71f47ea elementor-hidden-tablet elementor-hidden-phone\" data-id=\"71f47ea\" data-element_type=\"column\" data-e-type=\"column\">\n\t\t\t<div class=\"elementor-widget-wrap\">\n\t\t\t\t\t\t\t<\/div>\n\t\t<\/div>\n\t\t\t\t\t<\/div>\n\t\t<\/section>\n\t\t\t\t<section class=\"elementor-section elementor-top-section elementor-element elementor-element-f4ff7ab elementor-section-boxed elementor-section-height-default elementor-section-height-default\" data-id=\"f4ff7ab\" data-element_type=\"section\" data-e-type=\"section\">\n\t\t\t\t\t\t<div class=\"elementor-container elementor-column-gap-default\">\n\t\t\t\t\t<div class=\"elementor-column elementor-col-33 elementor-top-column elementor-element elementor-element-44539d7\" data-id=\"44539d7\" data-element_type=\"column\" data-e-type=\"column\">\n\t\t\t<div class=\"elementor-widget-wrap elementor-element-populated\">\n\t\t\t\t\t\t<div class=\"elementor-element elementor-element-0417317 elementor-widget elementor-widget-heading\" data-id=\"0417317\" data-element_type=\"widget\" data-e-type=\"widget\" data-widget_type=\"heading.default\">\n\t\t\t\t<div class=\"elementor-widget-container\">\n\t\t\t\t\t<h5 class=\"elementor-heading-title elementor-size-default\">Meie lugu<\/h5>\t\t\t\t<\/div>\n\t\t\t\t<\/div>\n\t\t\t\t<div class=\"elementor-element elementor-element-59203da elementor-widget elementor-widget-heading\" data-id=\"59203da\" data-element_type=\"widget\" data-e-type=\"widget\" data-widget_type=\"heading.default\">\n\t\t\t\t<div class=\"elementor-widget-container\">\n\t\t\t\t\t<h3 class=\"elementor-heading-title elementor-size-default\">Iga lillekimp on lugu<\/h3>\t\t\t\t<\/div>\n\t\t\t\t<\/div>\n\t\t\t\t<div class=\"elementor-element elementor-element-2583fa7 elementor-widget elementor-widget-text-editor\" data-id=\"2583fa7\" data-element_type=\"widget\" data-e-type=\"widget\" data-widget_type=\"text-editor.default\">\n\t\t\t\t<div class=\"elementor-widget-container\">\n\t\t\t\t\t\t\t\t\t<p>Meie meeskond valmistab klientidele r\u00f5\u00f5mu, aidates neil valida igaks s\u00fcndmuseks ideaalseid lilleseadeid.<\/p><p>Me pole lihtsalt lillepood, vaid professionaalide meeskond, kes paneb oma hinge igasse kimpu. Meil on \u00f5nnestunud v\u00f5ita klientide usaldus ja armastus t\u00e4nu lillede kvaliteedile, kohaletoimetamise t\u00e4psusele ja t\u00e4helepanelikule l\u00e4henemisele igale tellimusele.<\/p><p>Valime hoolikalt v\u00e4lja ainult k\u00f5ige v\u00e4rskemad ja kaunimad lilled, et iga kimp r\u00f5\u00f5mustaks mitte ainult v\u00e4limuse, vaid ka aroomiga. Meie floristid on valmis looma oman\u00e4olise kompositsiooni vastavalt teie soovidele, olgu selleks siis klassikaline kimp, originaalkompositsioon v\u00f5i lilled karbis.<\/p>\t\t\t\t\t\t\t\t<\/div>\n\t\t\t\t<\/div>\n\t\t\t\t\t<\/div>\n\t\t<\/div>\n\t\t\t\t<div class=\"elementor-column elementor-col-33 elementor-top-column elementor-element elementor-element-6d4acba\" data-id=\"6d4acba\" data-element_type=\"column\" data-e-type=\"column\">\n\t\t\t<div class=\"elementor-widget-wrap elementor-element-populated\">\n\t\t\t\t\t\t<div class=\"elementor-element elementor-element-07f52d4 elementor-widget elementor-widget-image\" data-id=\"07f52d4\" data-element_type=\"widget\" data-e-type=\"widget\" data-widget_type=\"image.default\">\n\t\t\t\t<div class=\"elementor-widget-container\">\n\t\t\t\t\t\t\t\t\t\t\t\t\t\t\t<img fetchpriority=\"high\" decoding=\"async\" width=\"848\" height=\"1424\" src=\"https:\/\/cvetochka.ee\/wp-content\/uploads\/2024\/11\/about2.png\" class=\"attachment-1536x1536 size-1536x1536 wp-image-1488\" alt=\"\" srcset=\"https:\/\/cvetochka.ee\/wp-content\/uploads\/2024\/11\/about2.png 848w, https:\/\/cvetochka.ee\/wp-content\/uploads\/2024\/11\/about2-179x300.png 179w, https:\/\/cvetochka.ee\/wp-content\/uploads\/2024\/11\/about2-610x1024.png 610w, https:\/\/cvetochka.ee\/wp-content\/uploads\/2024\/11\/about2-768x1290.png 768w, https:\/\/cvetochka.ee\/wp-content\/uploads\/2024\/11\/about2-700x1175.png 700w\" sizes=\"(max-width: 848px) 100vw, 848px\" \/>\t\t\t\t\t\t\t\t\t\t\t\t\t\t\t<\/div>\n\t\t\t\t<\/div>\n\t\t\t\t\t<\/div>\n\t\t<\/div>\n\t\t\t\t<div class=\"elementor-column elementor-col-33 elementor-top-column elementor-element elementor-element-3dd869f\" data-id=\"3dd869f\" data-element_type=\"column\" data-e-type=\"column\">\n\t\t\t<div class=\"elementor-widget-wrap elementor-element-populated\">\n\t\t\t\t\t\t<div class=\"elementor-element elementor-element-08de217 elementor-widget elementor-widget-image\" data-id=\"08de217\" data-element_type=\"widget\" data-e-type=\"widget\" data-widget_type=\"image.default\">\n\t\t\t\t<div class=\"elementor-widget-container\">\n\t\t\t\t\t\t\t\t\t\t\t\t\t\t\t<img decoding=\"async\" width=\"1024\" height=\"1024\" data-src=\"https:\/\/cvetochka.ee\/wp-content\/uploads\/2024\/11\/bgFeatures2.png\" class=\"attachment-large size-large wp-image-1310 lazyload\" alt=\"\" data-srcset=\"https:\/\/cvetochka.ee\/wp-content\/uploads\/2024\/11\/bgFeatures2.png 1024w, https:\/\/cvetochka.ee\/wp-content\/uploads\/2024\/11\/bgFeatures2-800x800.png 800w, https:\/\/cvetochka.ee\/wp-content\/uploads\/2024\/11\/bgFeatures2-100x100.png 100w, https:\/\/cvetochka.ee\/wp-content\/uploads\/2024\/11\/bgFeatures2-700x700.png 700w, https:\/\/cvetochka.ee\/wp-content\/uploads\/2024\/11\/bgFeatures2-300x300.png 300w, https:\/\/cvetochka.ee\/wp-content\/uploads\/2024\/11\/bgFeatures2-150x150.png 150w, https:\/\/cvetochka.ee\/wp-content\/uploads\/2024\/11\/bgFeatures2-768x768.png 768w\" data-sizes=\"(max-width: 1024px) 100vw, 1024px\" src=\"data:image\/svg+xml;base64,PHN2ZyB3aWR0aD0iMSIgaGVpZ2h0PSIxIiB4bWxucz0iaHR0cDovL3d3dy53My5vcmcvMjAwMC9zdmciPjwvc3ZnPg==\" style=\"--smush-placeholder-width: 1024px; --smush-placeholder-aspect-ratio: 1024\/1024;\" \/>\t\t\t\t\t\t\t\t\t\t\t\t\t\t\t<\/div>\n\t\t\t\t<\/div>\n\t\t\t\t<section class=\"elementor-section elementor-inner-section elementor-element elementor-element-5a13c35 elementor-section-boxed elementor-section-height-default elementor-section-height-default\" data-id=\"5a13c35\" data-element_type=\"section\" data-e-type=\"section\">\n\t\t\t\t\t\t<div class=\"elementor-container elementor-column-gap-default\">\n\t\t\t\t\t<div class=\"elementor-column elementor-col-100 elementor-inner-column elementor-element elementor-element-f313c41\" data-id=\"f313c41\" data-element_type=\"column\" data-e-type=\"column\">\n\t\t\t<div class=\"elementor-widget-wrap\">\n\t\t\t\t\t\t\t<\/div>\n\t\t<\/div>\n\t\t\t\t\t<\/div>\n\t\t<\/section>\n\t\t\t\t\t<\/div>\n\t\t<\/div>\n\t\t\t\t\t<\/div>\n\t\t<\/section>\n\t\t\t\t<section class=\"elementor-section elementor-top-section elementor-element elementor-element-b3021c3 elementor-section-boxed elementor-section-height-default elementor-section-height-default\" data-id=\"b3021c3\" data-element_type=\"section\" data-e-type=\"section\">\n\t\t\t\t\t\t<div class=\"elementor-container elementor-column-gap-default\">\n\t\t\t\t\t<div class=\"elementor-column elementor-col-100 elementor-top-column elementor-element elementor-element-d4bc66c\" data-id=\"d4bc66c\" data-element_type=\"column\" data-e-type=\"column\">\n\t\t\t<div class=\"elementor-widget-wrap elementor-element-populated\">\n\t\t\t\t\t\t<div class=\"elementor-element elementor-element-de3e326 elementor-widget-divider--view-line elementor-widget elementor-widget-divider\" data-id=\"de3e326\" data-element_type=\"widget\" data-e-type=\"widget\" data-widget_type=\"divider.default\">\n\t\t\t\t<div class=\"elementor-widget-container\">\n\t\t\t\t\t\t\t<div class=\"elementor-divider\">\n\t\t\t<span class=\"elementor-divider-separator\">\n\t\t\t\t\t\t<\/span>\n\t\t<\/div>\n\t\t\t\t\t\t<\/div>\n\t\t\t\t<\/div>\n\t\t\t\t<div class=\"elementor-element elementor-element-168153b elementor-fixed elementor-widget elementor-widget-ucaddon_pulsing_icon_button\" data-id=\"168153b\" data-element_type=\"widget\" data-e-type=\"widget\" data-settings=\"{&quot;_position&quot;:&quot;fixed&quot;}\" data-widget_type=\"ucaddon_pulsing_icon_button.default\">\n\t\t\t\t<div class=\"elementor-widget-container\">\n\t\t\t\t\t\n<!-- start Call To Action Button -->\n\t\t<link id='font-awesome-css' href='https:\/\/cvetochka.ee\/wp-content\/plugins\/unlimited-elements-for-elementor\/assets_libraries\/font-awesome6\/fontawesome-all.min.css' type='text\/css' rel='stylesheet' >\n\t\t<link id='font-awesome-4-shim-css' href='https:\/\/cvetochka.ee\/wp-content\/plugins\/unlimited-elements-for-elementor\/assets_libraries\/font-awesome6\/fontawesome-v4-shims.min.css' type='text\/css' rel='stylesheet' >\n\n<style>\/* widget: Call To Action Button *\/\n\n#uc_pulsing_icon_button_elementor_168153b\n{\n width:100%;\n}\n\n#uc_pulsing_icon_button_elementor_168153b .ue-call-to-action-btn\n{\n  display:flex;\n  flex-direction:column;\n}\n\n#uc_pulsing_icon_button_elementor_168153b .ue-call-to-action-button\n{\n  display:flex;\n  transition:0.5s;\n  text-decoration:none;\n  align-items:center;\n}\n\n\n#uc_pulsing_icon_button_elementor_168153b a div.pulsing_icon_button\n{\n   align-items: center;\n    justify-content: center;\n    flex-direction: column; \n   display:flex;\n  position:relative;\n  transition:1s;\n\n}\n\n#uc_pulsing_icon_button_elementor_168153b .pulsing_icon_button i \n{\n\n  vertical-align:middle;\n}\n\n#uc_pulsing_icon_button_elementor_168153b .ue-btn-icon\n{\n  line-height:1em;\n}\n\n#uc_pulsing_icon_button_elementor_168153b .ue-btn-icon svg\n{\n  width:1em;\n  height:1em;\n}\n\n\n#uc_pulsing_icon_button_elementor_168153b .ue-btn-spacing\n{\n  flex-grow:0;\n  flex-shrink:0;\n}\n\n#uc_pulsing_icon_button_elementor_168153b .ue-pulse-effect\n{\n  position:relative;\n  display:block;\n}\n\n\n#uc_pulsing_icon_button_elementor_168153b .ue-pulse-effect:before\n{\n  content: '';\n    display: inline-block;\n    position: absolute;\n    top: -2px;\n    left: -2px;\n    bottom: -2px;\n    right: -2px;\n    border-radius: inherit;\n    border-width:1px;\n    border-style:solid;\n    animation: btnIconRipple 1s cubic-bezier(0.23, 1, 0.32, 1) both infinite;\n}\n\n@keyframes btnIconRipple {\n  0% {\n    border-width: 4px;\n            transform: scale(1);\n  }\n  80% {\n    border-width: 1px;\n            transform: scale(1.35);\n  }\n  100% {\n    opacity: 0;\n  }\n}\n\n#uc_pulsing_icon_button_elementor_168153b .ue-call-to-action-message\n{\n  overflow:hidden;\n}\n\n#uc_pulsing_icon_button_elementor_168153b .ue-call-to-action-message-title\n{\n  display:flex;\n  align-items:center;\n}\n#uc_pulsing_icon_button_elementor_168153b .ue-call-to-action-message-title-text\n{\n  flex-grow:1;\n}\n\n#uc_pulsing_icon_button_elementor_168153b .ue-call-to-action-message-title-icon-spacing\n{\n  width:10px;\n}\n\n#uc_pulsing_icon_button_elementor_168153b .ue-call-to-action-message-title-close\n{\n  cursor:pointer;\n  line-height:1em;\n}\n\n#uc_pulsing_icon_button_elementor_168153b .ue-call-to-action-message-title-close svg\n{\n  width:1em;\n  height:1em;\n}\n\n#uc_pulsing_icon_button_elementor_168153b .ue-call-to-action-message-title-icon\n{\n  line-height:1em;\n}\n\n#uc_pulsing_icon_button_elementor_168153b .ue-call-to-action-message-title-icon svg\n{\n  width:1em;\n  height:1em;\n}\n\n<\/style>\n\n<div id=\"uc_pulsing_icon_button_elementor_168153b\" >\n<div class=\"ue-call-to-action-btn\">\n  \n     \n<div>    \n<a class=\"ue-pulse-effect\" href=\"tel:tel:+37256333736\" >\n  <div class=\"ue-call-to-action-button\">\n    <div class=\"pulsing_icon_button\"><div class=\"ue-btn-icon\"><i class='fas fa-phone-alt'><\/i><\/div><\/div>\n      <\/div>\n<\/a>\n<\/div>\n  \n  \n<\/div>\n<\/div>\n<!-- end Call To Action Button -->\t\t\t\t<\/div>\n\t\t\t\t<\/div>\n\t\t\t\t\t<\/div>\n\t\t<\/div>\n\t\t\t\t\t<\/div>\n\t\t<\/section>\n\t\t\t\t<section class=\"elementor-section elementor-top-section elementor-element elementor-element-43a92b1 elementor-section-boxed elementor-section-height-default elementor-section-height-default\" data-id=\"43a92b1\" data-element_type=\"section\" data-e-type=\"section\">\n\t\t\t\t\t\t<div class=\"elementor-container elementor-column-gap-default\">\n\t\t\t\t\t<div class=\"elementor-column elementor-col-50 elementor-top-column elementor-element elementor-element-f7fe86b\" data-id=\"f7fe86b\" data-element_type=\"column\" data-e-type=\"column\">\n\t\t\t<div class=\"elementor-widget-wrap elementor-element-populated\">\n\t\t\t\t\t\t<div class=\"elementor-element elementor-element-f256be5 elementor-widget elementor-widget-heading\" data-id=\"f256be5\" data-element_type=\"widget\" data-e-type=\"widget\" data-widget_type=\"heading.default\">\n\t\t\t\t<div class=\"elementor-widget-container\">\n\t\t\t\t\t<h3 class=\"elementor-heading-title elementor-size-default\">Armastusega iga hetke vastu<\/h3>\t\t\t\t<\/div>\n\t\t\t\t<\/div>\n\t\t\t\t\t<\/div>\n\t\t<\/div>\n\t\t\t\t<div class=\"elementor-column elementor-col-50 elementor-top-column elementor-element elementor-element-b2b4b0d\" data-id=\"b2b4b0d\" data-element_type=\"column\" data-e-type=\"column\">\n\t\t\t<div class=\"elementor-widget-wrap elementor-element-populated\">\n\t\t\t\t\t\t<div class=\"elementor-element elementor-element-6de4457 elementor-widget elementor-widget-text-editor\" data-id=\"6de4457\" data-element_type=\"widget\" data-e-type=\"widget\" data-widget_type=\"text-editor.default\">\n\t\t\t\t<div class=\"elementor-widget-container\">\n\t\t\t\t\t\t\t\t\t<p style=\"margin-bottom: var(--global-md-spacing);\"><span style=\"background-color: transparent; color: var(--global-palette4); font-family: var(--global-body-font-family);\">Oleme uhked, et oleme saanud osa paljudest olulistest hetkedest oma klientide elus \u2013 alates s\u00fcnnip\u00e4evadest ja pulmadest kuni lihtsalt p\u00f5hjuseta meeldivate \u00fcllatusteni. Ja loomulikult meie t\u00f6\u00f6 j\u00e4tkub: p\u00fc\u00fcame t\u00e4iustada ja r\u00f5\u00f5mustada teid veelgi, pakkudes ainult parimat.<\/span><\/p><p>T\u00e4name, et valisite meid!<\/p>\t\t\t\t\t\t\t\t<\/div>\n\t\t\t\t<\/div>\n\t\t\t\t\t<\/div>\n\t\t<\/div>\n\t\t\t\t\t<\/div>\n\t\t<\/section>\n\t\t<div class=\"elementor-element elementor-element-4df0357 e-flex e-con-boxed e-con e-parent\" data-id=\"4df0357\" data-element_type=\"container\" data-e-type=\"container\">\n\t\t\t\t\t<div class=\"e-con-inner\">\n\t\t\t\t<div class=\"elementor-element elementor-element-005e1eb inavii-pagination-no inavii-arrow-vertical-middle inavii-pagination-horizontal-center elementor-widget elementor-widget-inavii-grid\" data-id=\"005e1eb\" data-element_type=\"widget\" data-e-type=\"widget\" data-widget_type=\"inavii-grid.default\">\n\t\t\t\t<div class=\"elementor-widget-container\">\n\t\t\t\t\t\n    <div class=\"inavii-ajax inavii-skeleton-container  inavii-grid inavii-grid__type-row\"\n         data-items-mobile=\"8\" data-settings=\"&#x7B;&quot;feed_offset&quot;&#x3A;0,&quot;feed_id&quot;&#x3A;2697,&quot;posts_count&quot;&#x3A;6,&quot;posts_count_available&quot;&#x3A;50,&quot;items&quot;&#x3A;&#x5B;&#x5D;,&quot;items_desktop&quot;&#x3A;6,&quot;items_mobile&quot;&#x3A;8,&quot;is_mobile&quot;&#x3A;false,&quot;img_animation_class&quot;&#x3A;&quot;&quot;,&quot;follow_button_url&quot;&#x3A;&quot;https&#x3A;&#x5C;&#x2F;&#x5C;&#x2F;www.instagram.com&#x5C;&#x2F;cvetochka.narva&quot;,&quot;enable_photo_linking&quot;&#x3A;&quot;linking_post&quot;,&quot;target&quot;&#x3A;&quot;_blank&quot;,&quot;layoutView&quot;&#x3A;&quot;none&quot;,&quot;imageSize&quot;&#x3A;&quot;large&quot;,&quot;enable_avatar_lightbox&quot;&#x3A;false,&quot;avatar_url&quot;&#x3A;&quot;https&#x3A;&#x5C;&#x2F;&#x5C;&#x2F;cvetochka.ee&#x5C;&#x2F;wp-content&#x5C;&#x2F;uploads&#x5C;&#x2F;inavii-social-feed&#x5C;&#x2F;7481110992013598-s.jpg&quot;,&quot;username&quot;&#x3A;&quot;cvetochka.narva&quot;,&quot;username_lightbox&quot;&#x3A;&quot;cvetochka.narva&quot;,&quot;username_lightbox_switch&quot;&#x3A;false,&quot;widget_id&quot;&#x3A;&quot;005e1eb&quot;,&quot;layout_type&quot;&#x3A;&quot;row&quot;,&quot;enable_popup_follow_button&quot;&#x3A;false,&quot;enable_popup_icon_follow_button&quot;&#x3A;false,&quot;follow_popup_button_icon&quot;&#x3A;&#x7B;&quot;icon_class&quot;&#x3A;&quot;&quot;&#x7D;,&quot;follow_popup_button_text&quot;&#x3A;false,&quot;enable_lightbox_follow_button&quot;&#x3A;false,&quot;enable_lightbox_icon_follow_button&quot;&#x3A;false,&quot;follow_lightbox_button_icon&quot;&#x3A;&#x7B;&quot;icon_class&quot;&#x3A;&quot;&lt;svg&#x20;aria-hidden&#x3D;&#x5C;&quot;true&#x5C;&quot;&#x20;class&#x3D;&#x5C;&quot;e-font-icon-svg&#x20;e-fab-instagram&#x5C;&quot;&#x20;viewBox&#x3D;&#x5C;&quot;0&#x20;0&#x20;448&#x20;512&#x5C;&quot;&#x20;xmlns&#x3D;&#x5C;&quot;http&#x3A;&#x5C;&#x2F;&#x5C;&#x2F;www.w3.org&#x5C;&#x2F;2000&#x5C;&#x2F;svg&#x5C;&quot;&gt;&lt;path&#x20;d&#x3D;&#x5C;&quot;M224.1&#x20;141c-63.6&#x20;0-114.9&#x20;51.3-114.9&#x20;114.9s51.3&#x20;114.9&#x20;114.9&#x20;114.9S339&#x20;319.5&#x20;339&#x20;255.9&#x20;287.7&#x20;141&#x20;224.1&#x20;141zm0&#x20;189.6c-41.1&#x20;0-74.7-33.5-74.7-74.7s33.5-74.7&#x20;74.7-74.7&#x20;74.7&#x20;33.5&#x20;74.7&#x20;74.7-33.6&#x20;74.7-74.7&#x20;74.7zm146.4-194.3c0&#x20;14.9-12&#x20;26.8-26.8&#x20;26.8-14.9&#x20;0-26.8-12-26.8-26.8s12-26.8&#x20;26.8-26.8&#x20;26.8&#x20;12&#x20;26.8&#x20;26.8zm76.1&#x20;27.2c-1.7-35.9-9.9-67.7-36.2-93.9-26.2-26.2-58-34.4-93.9-36.2-37-2.1-147.9-2.1-184.9&#x20;0-35.8&#x20;1.7-67.6&#x20;9.9-93.9&#x20;36.1s-34.4&#x20;58-36.2&#x20;93.9c-2.1&#x20;37-2.1&#x20;147.9&#x20;0&#x20;184.9&#x20;1.7&#x20;35.9&#x20;9.9&#x20;67.7&#x20;36.2&#x20;93.9s58&#x20;34.4&#x20;93.9&#x20;36.2c37&#x20;2.1&#x20;147.9&#x20;2.1&#x20;184.9&#x20;0&#x20;35.9-1.7&#x20;67.7-9.9&#x20;93.9-36.2&#x20;26.2-26.2&#x20;34.4-58&#x20;36.2-93.9&#x20;2.1-37&#x20;2.1-147.8&#x20;0-184.8zM398.8&#x20;388c-7.8&#x20;19.6-22.9&#x20;34.7-42.6&#x20;42.6-29.5&#x20;11.7-99.5&#x20;9-132.1&#x20;9s-102.7&#x20;2.6-132.1-9c-19.6-7.8-34.7-22.9-42.6-42.6-11.7-29.5-9-99.5-9-132.1s-2.6-102.7&#x20;9-132.1c7.8-19.6&#x20;22.9-34.7&#x20;42.6-42.6&#x20;29.5-11.7&#x20;99.5-9&#x20;132.1-9s102.7-2.6&#x20;132.1&#x20;9c19.6&#x20;7.8&#x20;34.7&#x20;22.9&#x20;42.6&#x20;42.6&#x20;11.7&#x20;29.5&#x20;9&#x20;99.5&#x20;9&#x20;132.1s2.7&#x20;102.7-9&#x20;132.1z&#x5C;&quot;&gt;&lt;&#x5C;&#x2F;path&gt;&lt;&#x5C;&#x2F;svg&gt;&quot;&#x7D;,&quot;follow_lightbox_button_text&quot;&#x3A;&quot;View&#x20;on&#x20;Instagram&quot;,&quot;is_promotion&quot;&#x3A;false,&quot;is_pro&quot;&#x3A;false,&quot;video_playback&quot;&#x3A;false,&quot;render_type&quot;&#x3A;&quot;AJAX&quot;&#x7D;\"\n\n                        >\n\n\n                    \n                                \n    <div class=\"inavii-image-skeleton-init\"><\/div>\n    <div class=\"inavii-image-skeleton-init\"><\/div>\n    <div class=\"inavii-image-skeleton-init\"><\/div>\n    <div class=\"inavii-image-skeleton-init\"><\/div>\n    <div class=\"inavii-image-skeleton-init\"><\/div>\n    <div class=\"inavii-image-skeleton-init\"><\/div>\n    <div class=\"inavii-image-skeleton-init\"><\/div>\n    <div class=\"inavii-image-skeleton-init\"><\/div>\n    <div class=\"inavii-image-skeleton-init\"><\/div>\n    <div class=\"inavii-image-skeleton-init\"><\/div>\n    <div class=\"inavii-image-skeleton-init\"><\/div>\n    <div class=\"inavii-image-skeleton-init\"><\/div>\n    <div class=\"inavii-image-skeleton-init\"><\/div>\n    <div class=\"inavii-image-skeleton-init\"><\/div>\n    <div class=\"inavii-image-skeleton-init\"><\/div>\n    <div class=\"inavii-image-skeleton-init\"><\/div>\n    <div class=\"inavii-image-skeleton-init\"><\/div>\n    <div class=\"inavii-image-skeleton-init\"><\/div>\n    <div class=\"inavii-image-skeleton-init\"><\/div>\n    <div class=\"inavii-image-skeleton-init\"><\/div>\n    <div class=\"inavii-image-skeleton-init\"><\/div>\n    <div class=\"inavii-image-skeleton-init\"><\/div>\n    <div class=\"inavii-image-skeleton-init\"><\/div>\n    <div class=\"inavii-image-skeleton-init\"><\/div>\n    <div class=\"inavii-image-skeleton-init\"><\/div>\n    <div class=\"inavii-image-skeleton-init\"><\/div>\n    <div class=\"inavii-image-skeleton-init\"><\/div>\n    <div class=\"inavii-image-skeleton-init\"><\/div>\n    <div class=\"inavii-image-skeleton-init\"><\/div>\n    <div class=\"inavii-image-skeleton-init\"><\/div>\n    <div class=\"inavii-image-skeleton-init\"><\/div>\n    <div class=\"inavii-image-skeleton-init\"><\/div>\n    <div class=\"inavii-image-skeleton-init\"><\/div>\n    <div class=\"inavii-image-skeleton-init\"><\/div>\n    <div class=\"inavii-image-skeleton-init\"><\/div>\n    <div class=\"inavii-image-skeleton-init\"><\/div>\n    <div class=\"inavii-image-skeleton-init\"><\/div>\n    <div class=\"inavii-image-skeleton-init\"><\/div>\n    <div class=\"inavii-image-skeleton-init\"><\/div>\n    <div class=\"inavii-image-skeleton-init\"><\/div>\n    <div class=\"inavii-image-skeleton-init\"><\/div>\n    <div class=\"inavii-image-skeleton-init\"><\/div>\n    <div class=\"inavii-image-skeleton-init\"><\/div>\n    <div class=\"inavii-image-skeleton-init\"><\/div>\n    <div class=\"inavii-image-skeleton-init\"><\/div>\n    <div class=\"inavii-image-skeleton-init\"><\/div>\n    <div class=\"inavii-image-skeleton-init\"><\/div>\n    <div class=\"inavii-image-skeleton-init\"><\/div>\n    <div class=\"inavii-image-skeleton-init\"><\/div>\n    <div class=\"inavii-image-skeleton-init\"><\/div>\n            \n            \n                    \n        \n    <\/div>\n\n\t\t\t\t<\/div>\n\t\t\t\t<\/div>\n\t\t\t\t\t<\/div>\n\t\t\t\t<\/div>\n\t\t\t\t<\/div>","protected":false},"excerpt":{"rendered":"<p>\u041e \u043d\u0430\u0441 \u041d\u0430\u0448\u0430 \u0438\u0441\u0442\u043e\u0440\u0438\u044f \u041a\u0430\u0436\u0434\u044b\u0439 \u0431\u0443\u043a\u0435\u0442 \u2014 \u044d\u0442\u043e \u0438\u0441\u0442\u043e\u0440\u0438\u044f \u041d\u0430\u0448\u0430 \u043a\u043e\u043c\u0430\u043d\u0434\u0430 \u0441\u043e\u0437\u0434\u0430\u0435\u0442 \u0440\u0430\u0434\u043e\u0441\u0442\u044c \u0434\u043b\u044f \u043d\u0430\u0448\u0438\u0445 \u043a\u043b\u0438\u0435\u043d\u0442\u043e\u0432, \u043f\u043e\u043c\u043e\u0433\u0430\u044f \u0432\u044b\u0431\u0440\u0430\u0442\u044c \u0438\u0434\u0435\u0430\u043b\u044c\u043d\u044b\u0435 \u0446\u0432\u0435\u0442\u043e\u0447\u043d\u044b\u0435 \u043a\u043e\u043c\u043f\u043e\u0437\u0438\u0446\u0438\u0438 \u0434\u043b\u044f \u043b\u044e\u0431\u044b\u0445 \u0441\u043e\u0431\u044b\u0442\u0438\u0439. \u041c\u044b \u2014 \u044d\u0442\u043e \u043d\u0435 \u043f\u0440\u043e\u0441\u0442\u043e \u043c\u0430\u0433\u0430\u0437\u0438\u043d \u0446\u0432\u0435\u0442\u043e\u0432, \u0430 \u043a\u043e\u043c\u0430\u043d\u0434\u0430 \u043f\u0440\u043e\u0444\u0435\u0441\u0441\u0438\u043e\u043d\u0430\u043b\u043e\u0432, \u043a\u043e\u0442\u043e\u0440\u044b\u0435 \u0432\u043a\u043b\u0430\u0434\u044b\u0432\u0430\u044e\u0442 \u0434\u0443\u0448\u0443 \u0432 \u043a\u0430\u0436\u0434\u044b\u0439 \u0431\u0443\u043a\u0435\u0442. \u041c\u044b \u0443\u0441\u043f\u0435\u043b\u0438 \u0437\u0430\u0432\u043e\u0435\u0432\u0430\u0442\u044c \u0434\u043e\u0432\u0435\u0440\u0438\u0435 \u0438 \u043b\u044e\u0431\u043e\u0432\u044c \u043d\u0430\u0448\u0438\u0445 \u043a\u043b\u0438\u0435\u043d\u0442\u043e\u0432, \u0431\u043b\u0430\u0433\u043e\u0434\u0430\u0440\u044f \u043a\u0430\u0447\u0435\u0441\u0442\u0432\u0443 \u0446\u0432\u0435\u0442\u043e\u0432, \u0442\u043e\u0447\u043d\u043e\u0441\u0442\u0438 \u0434\u043e\u0441\u0442\u0430\u0432\u043a\u0438 \u0438 \u0432\u043d\u0438\u043c\u0430\u0442\u0435\u043b\u044c\u043d\u043e\u043c\u0443&#8230;<\/p>","protected":false},"author":1,"featured_media":0,"parent":0,"menu_order":0,"comment_status":"closed","ping_status":"closed","template":"","meta":{"_kad_post_transparent":"","_kad_post_title":"hide","_kad_post_layout":"fullwidth","_kad_post_sidebar_id":"","_kad_post_content_style":"unboxed","_kad_post_vertical_padding":"hide","_kad_post_feature":"hide","_kad_post_feature_position":"","_kad_post_header":false,"_kad_post_footer":false,"_kad_post_classname":"","footnotes":""},"class_list":["post-492","page","type-page","status-publish","hentry"],"jetpack_sharing_enabled":true,"_links":{"self":[{"href":"https:\/\/cvetochka.ee\/et\/wp-json\/wp\/v2\/pages\/492","targetHints":{"allow":["GET"]}}],"collection":[{"href":"https:\/\/cvetochka.ee\/et\/wp-json\/wp\/v2\/pages"}],"about":[{"href":"https:\/\/cvetochka.ee\/et\/wp-json\/wp\/v2\/types\/page"}],"author":[{"embeddable":true,"href":"https:\/\/cvetochka.ee\/et\/wp-json\/wp\/v2\/users\/1"}],"replies":[{"embeddable":true,"href":"https:\/\/cvetochka.ee\/et\/wp-json\/wp\/v2\/comments?post=492"}],"version-history":[{"count":70,"href":"https:\/\/cvetochka.ee\/et\/wp-json\/wp\/v2\/pages\/492\/revisions"}],"predecessor-version":[{"id":4775,"href":"https:\/\/cvetochka.ee\/et\/wp-json\/wp\/v2\/pages\/492\/revisions\/4775"}],"wp:attachment":[{"href":"https:\/\/cvetochka.ee\/et\/wp-json\/wp\/v2\/media?parent=492"}],"curies":[{"name":"wp","href":"https:\/\/api.w.org\/{rel}","templated":true}]}}