{"id":2844,"date":"2024-12-25T16:16:30","date_gmt":"2024-12-25T13:16:30","guid":{"rendered":"https:\/\/cvetochka.ee\/?page_id=2844"},"modified":"2024-12-25T16:20:55","modified_gmt":"2024-12-25T13:20:55","slug":"terms-and-conditions","status":"publish","type":"page","link":"https:\/\/cvetochka.ee\/et\/terms-and-conditions\/","title":{"rendered":"Saidi kasutustingimused"},"content":{"rendered":"<h2 class=\"wp-block-heading\"><strong>Saidi kasutustingimused<\/strong><\/h2>\n\n\n\n<p class=\"translation-block\">J\u00f5ustumiskuup\u00e4ev: 25.12.2024<br>Veebileht: <strong><a href=\"https:\/\/cvetochka.ee\/et\/\" target=\"_self\">https:\/\/cvetochka.ee<\/a><\/strong> <br>Omanik: <strong>ROZ O\u00dc<\/strong><br>Kontaktmeil: <strong><a target=\"_self\">1raulzhelnov@gmail.com<\/a><\/strong><\/p>\n\n\n\n<hr class=\"wp-block-separator has-alpha-channel-opacity\"\/>\n\n\n\n<h3 class=\"wp-block-heading\"><strong>1. \u00dclds\u00e4tted<\/strong><\/h3>\n\n\n\n<p class=\"translation-block\">1.1. K\u00e4esolevad tingimused reguleerivad veebilehe <strong><a href=\"https:\/\/cvetochka.ee\/et\/\" target=\"_self\">https:\/\/cvetochka.ee<\/a><\/strong> (edaspidi viidatud) kasutamist kui \u201esait\u201d) .<br>1.2. Saiti kasutades n\u00f5ustute nende tingimustega. Kui te tingimustega ei n\u00f5ustu, l\u00f5petage saidi kasutamine.<br>1.3. Saidi omanik j\u00e4tab endale \u00f5iguse neid tingimusi igal ajal ilma ette teatamata muuta. Uuendatud tingimused j\u00f5ustuvad nende saidil avaldamise hetkest.<\/p>\n\n\n\n<hr class=\"wp-block-separator has-alpha-channel-opacity\"\/>\n\n\n\n<h3 class=\"wp-block-heading\"><strong>2. Tellimuste esitamine<\/strong><\/h3>\n\n\n\n<p class=\"translation-block\">2.1. K\u00f5ik tellimused esitatakse saidi kaudu ja need loetakse kinnitatuks alles p\u00e4rast makse laekumist.<br>2.2. Kui tellimuses m\u00e4rgitud toodet pole saadaval, v\u00f5tame teiega \u00fcksikasjade t\u00e4psustamiseks \u00fchendust.<br>2.3. Kohaletoimetamine toimub kindlaksm\u00e4\u00e4ratud aja jooksul, kuid meist mitteolenevatel p\u00f5hjustel (ilmastikutingimused, kohaletoimetamisteenused jne) v\u00f5ivad viivitused tekkida.<\/p>\n\n\n\n<hr class=\"wp-block-separator has-alpha-channel-opacity\"\/>\n\n\n\n<h3 class=\"wp-block-heading\"><strong>3. Makse ja hinnad<\/strong><\/h3>\n\n\n\n<p class=\"translation-block\">3.1. K\u00f5ik kaupade hinnad on m\u00e4rgitud saidil ja neid v\u00f5idakse ette teatamata muuta.<br>3.2. Maksmine toimub s\u00fcsteemi <strong>Stripe<\/strong> ja muude saadaolevate meetodite kaudu.<br>3.3. Kui kauba hinnas esineb tehnilisi vigu, teavitame Teid sellest ja pakume Teile v\u00f5imalust kinnitada tellimus \u00f5ige hinnaga v\u00f5i t\u00fchistada.<\/p>\n\n\n\n<hr class=\"wp-block-separator has-alpha-channel-opacity\"\/>\n\n\n\n<h3 class=\"wp-block-heading\"><strong>4. Tagastamis- ja t\u00fchistamispoliitika<\/strong><\/h3>\n\n\n\n<p class=\"translation-block\">Pange t\u00e4hele, tagastuspoliitikat saab lugeda <a href=\"https:\/\/cvetochka.ee\/et\/ --\/\" target=\"_self\">SIIN<\/a>:<\/p>\n\n\n\n<hr class=\"wp-block-separator has-alpha-channel-opacity\"\/>\n\n\n\n<h3 class=\"wp-block-heading\"><strong>5. Poolte \u00f5igused ja kohustused<\/strong><\/h3>\n\n\n\n<p>5.1. Saidi omanik kohustub:<\/p>\n\n\n\n<ul class=\"wp-block-list\">\n<li>Esitage t\u00e4pset teavet toodete, teenuste ja hindade kohta.<\/li>\n\n\n\n<li>Tagada klientide isikuandmete kaitse.<\/li>\n<\/ul>\n\n\n\n<p>5.2. Kasutaja kohustub:<\/p>\n\n\n\n<ul class=\"wp-block-list\">\n<li>\u00c4rge rikkuge kehtivaid seadusi ja \u00e4rge kasutage saiti ebaseaduslikel eesm\u00e4rkidel.<\/li>\n\n\n\n<li>Registreerimisel ja tellimuste esitamisel esitage t\u00e4pne teave.<\/li>\n<\/ul>\n\n\n\n<hr class=\"wp-block-separator has-alpha-channel-opacity\"\/>\n\n\n\n<h3 class=\"wp-block-heading\"><strong>6. Vastutuse piiramine<\/strong><\/h3>\n\n\n\n<p>6.1 \u0412\u043b\u0430\u0434\u0435\u043b\u0435\u0446 \u0421\u0430\u0439\u0442\u0430 \u043d\u0435 \u043d\u0435\u0441\u0435\u0442 \u043e\u0442\u0432\u0435\u0442\u0441\u0442\u0432\u0435\u043d\u043d\u043e\u0441\u0442\u0438 \u0437\u0430:<\/p>\n\n\n\n<ul class=\"wp-block-list\">\n<li>Transpordifirmade p\u00f5hjustatud tarneviivitused.<\/li>\n\n\n\n<li>Kauba v\u00e4\u00e4rkasutamine ostja poolt.<\/li>\n\n\n\n<li>Tehnilistest probleemidest p\u00f5hjustatud katkestused saidi t\u00f6\u00f6s.<\/li>\n<\/ul>\n\n\n\n<hr class=\"wp-block-separator has-alpha-channel-opacity\"\/>\n\n\n\n<h3 class=\"wp-block-heading\"><strong>7. Intellektuaalomand<\/strong><\/h3>\n\n\n\n<p class=\"translation-block\">7.1. K\u00f5ik saidil esitatavad materjalid, sealhulgas tekst, pildid, logod ja kujundus, on <strong>ROZ O\u00dc<\/strong> intellektuaalomand.<br>7.2. Materjalide kopeerimine v\u00f5i kasutamine ilma kirjaliku n\u00f5usolekuta on keelatud.<\/p>\n\n\n\n<hr class=\"wp-block-separator has-alpha-channel-opacity\"\/>\n\n\n\n<h3 class=\"wp-block-heading\"><strong>8. Privaatsuspoliitika<\/strong><\/h3>\n\n\n\n<p class=\"translation-block\">8.1. Saidi kasutamist reguleerivad privaatsuspoliitika (vt <a href=\"https:\/\/cvetochka.ee\/et\/policy\/\" target=\"_self\">SIIT<\/a>).<br>8.2. Oleme p\u00fchendunud teie isikuandmete kaitsmisele vastavalt GDPR-i n\u00f5uetele.<\/p>\n\n\n\n<hr class=\"wp-block-separator has-alpha-channel-opacity\"\/>\n\n\n\n<h3 class=\"wp-block-heading\"><strong>9. Kohaldatav \u00f5igus<\/strong><\/h3>\n\n\n\n<p class=\"translation-block\">9.1. K\u00e4esolevatele Tingimustele kohaldatakse Eesti seadusi.<br>9.2. K\u00f5ik k\u00e4esolevatest tingimustest tulenevad vaidlused lahendatakse Eesti kohtus.<\/p>\n\n\n\n<hr class=\"wp-block-separator has-alpha-channel-opacity\"\/>\n\n\n\n<h3 class=\"wp-block-heading\"><strong>10. Kontaktandmed<\/strong><\/h3>\n\n\n\n<p>Kui teil on nende tingimuste kohta k\u00fcsimusi, v\u00f5tke meiega \u00fchendust:<\/p>\n\n\n\n<ul class=\"wp-block-list\">\n<li class=\"translation-block\">E-post: <strong><a target=\"_self\">1raulzhelnov@gmail.com<\/a><\/strong><\/li>\n\n\n\n<li class=\"translation-block\">Omanik: <strong>ROZ O\u00dc<\/strong><\/li>\n<\/ul>","protected":false},"excerpt":{"rendered":"<p>\u0423\u0441\u043b\u043e\u0432\u0438\u044f \u0438\u0441\u043f\u043e\u043b\u044c\u0437\u043e\u0432\u0430\u043d\u0438\u044f \u0441\u0430\u0439\u0442\u0430 \u0414\u0430\u0442\u0430 \u0432\u0441\u0442\u0443\u043f\u043b\u0435\u043d\u0438\u044f \u0432 \u0441\u0438\u043b\u0443: 25.12.2024\u0421\u0430\u0439\u0442: https:\/\/cvetochka.ee\u0412\u043b\u0430\u0434\u0435\u043b\u0435\u0446: ROZ O\u00dc\u041a\u043e\u043d\u0442\u0430\u043a\u0442\u043d\u044b\u0439 email: 1raulzhelnov@gmail.com 1. \u041e\u0431\u0449\u0438\u0435 \u043f\u043e\u043b\u043e\u0436\u0435\u043d\u0438\u044f 1.1. \u041d\u0430\u0441\u0442\u043e\u044f\u0449\u0438\u0435 \u0443\u0441\u043b\u043e\u0432\u0438\u044f \u0440\u0435\u0433\u0443\u043b\u0438\u0440\u0443\u044e\u0442 \u043f\u043e\u0440\u044f\u0434\u043e\u043a \u0438\u0441\u043f\u043e\u043b\u044c\u0437\u043e\u0432\u0430\u043d\u0438\u044f \u0441\u0430\u0439\u0442\u0430 https:\/\/cvetochka.ee (\u0434\u0430\u043b\u0435\u0435 \u2014 \u00ab\u0421\u0430\u0439\u0442\u00bb).1.2. \u0418\u0441\u043f\u043e\u043b\u044c\u0437\u0443\u044f \u0421\u0430\u0439\u0442, \u0432\u044b \u0441\u043e\u0433\u043b\u0430\u0448\u0430\u0435\u0442\u0435\u0441\u044c \u0441 \u0434\u0430\u043d\u043d\u044b\u043c\u0438 \u0423\u0441\u043b\u043e\u0432\u0438\u044f\u043c\u0438. \u0415\u0441\u043b\u0438 \u0432\u044b \u043d\u0435 \u0441\u043e\u0433\u043b\u0430\u0441\u043d\u044b \u0441 \u0423\u0441\u043b\u043e\u0432\u0438\u044f\u043c\u0438, \u043f\u0440\u0435\u043a\u0440\u0430\u0442\u0438\u0442\u0435 \u0438\u0441\u043f\u043e\u043b\u044c\u0437\u043e\u0432\u0430\u043d\u0438\u0435 \u0421\u0430\u0439\u0442\u0430.1.3. \u0412\u043b\u0430\u0434\u0435\u043b\u0435\u0446 \u0421\u0430\u0439\u0442\u0430 \u043e\u0441\u0442\u0430\u0432\u043b\u044f\u0435\u0442 \u0437\u0430 \u0441\u043e\u0431\u043e\u0439 \u043f\u0440\u0430\u0432\u043e \u0438\u0437\u043c\u0435\u043d\u044f\u0442\u044c \u043d\u0430\u0441\u0442\u043e\u044f\u0449\u0438\u0435 \u0423\u0441\u043b\u043e\u0432\u0438\u044f \u0432 \u043b\u044e\u0431\u043e\u0435 \u0432\u0440\u0435\u043c\u044f&#8230;<\/p>","protected":false},"author":1,"featured_media":0,"parent":0,"menu_order":0,"comment_status":"closed","ping_status":"closed","template":"","meta":{"_kad_post_transparent":"","_kad_post_title":"","_kad_post_layout":"","_kad_post_sidebar_id":"","_kad_post_content_style":"","_kad_post_vertical_padding":"","_kad_post_feature":"","_kad_post_feature_position":"","_kad_post_header":false,"_kad_post_footer":false,"_kad_post_classname":"","footnotes":""},"class_list":["post-2844","page","type-page","status-publish","hentry"],"jetpack_sharing_enabled":true,"_links":{"self":[{"href":"https:\/\/cvetochka.ee\/et\/wp-json\/wp\/v2\/pages\/2844","targetHints":{"allow":["GET"]}}],"collection":[{"href":"https:\/\/cvetochka.ee\/et\/wp-json\/wp\/v2\/pages"}],"about":[{"href":"https:\/\/cvetochka.ee\/et\/wp-json\/wp\/v2\/types\/page"}],"author":[{"embeddable":true,"href":"https:\/\/cvetochka.ee\/et\/wp-json\/wp\/v2\/users\/1"}],"replies":[{"embeddable":true,"href":"https:\/\/cvetochka.ee\/et\/wp-json\/wp\/v2\/comments?post=2844"}],"version-history":[{"count":2,"href":"https:\/\/cvetochka.ee\/et\/wp-json\/wp\/v2\/pages\/2844\/revisions"}],"predecessor-version":[{"id":2846,"href":"https:\/\/cvetochka.ee\/et\/wp-json\/wp\/v2\/pages\/2844\/revisions\/2846"}],"wp:attachment":[{"href":"https:\/\/cvetochka.ee\/et\/wp-json\/wp\/v2\/media?parent=2844"}],"curies":[{"name":"wp","href":"https:\/\/api.w.org\/{rel}","templated":true}]}}