{"id":2839,"date":"2024-12-25T16:00:45","date_gmt":"2024-12-25T13:00:45","guid":{"rendered":"https:\/\/cvetochka.ee\/?page_id=2839"},"modified":"2024-12-25T16:08:19","modified_gmt":"2024-12-25T13:08:19","slug":"cookie-policy","status":"publish","type":"page","link":"https:\/\/cvetochka.ee\/et\/cookie-policy\/","title":{"rendered":"K\u00fcpsiste poliitika"},"content":{"rendered":"<h2 class=\"wp-block-heading\"><strong>K\u00fcpsiste poliitika<\/strong><\/h2>\n\n\n\n<p class=\"translation-block\">Viimase uuendamise kuup\u00e4ev: 25.12.2024<br>Saidi omanik: <strong>ROZ O\u00dc<\/strong><br>Saidi aadress: <strong><a href=\"https:\/\/cvetochka.ee\/et\/\" target=\" _self\"> https:\/\/cvetochka.ee<\/a><\/strong><br>Kontaktmeiliaadress: <strong><a target=\"_self\">1raulzhelnov@gmail.com<\/a><\/strong><\/p>\n\n\n\n<hr class=\"wp-block-separator has-alpha-channel-opacity\"\/>\n\n\n\n<h3 class=\"wp-block-heading\"><strong>Mis on k\u00fcpsised?<\/strong><\/h3>\n\n\n\n<p>K\u00fcpsised on v\u00e4ikesed tekstifailid, mis salvestatakse teie seadmesse (arvutisse, telefoni v\u00f5i muusse seadmesse), kui k\u00fclastate meie veebisaiti. Need v\u00f5imaldavad saidil teie toimingud ja eelistused (nt keel, ostukorvis olevad kaubad) meelde j\u00e4tta, et teie kasutuskogemust parandada.<\/p>\n\n\n\n<hr class=\"wp-block-separator has-alpha-channel-opacity\"\/>\n\n\n\n<h3 class=\"wp-block-heading\"><strong>Kuidas me k\u00fcpsiseid kasutame?<\/strong><\/h3>\n\n\n\n<p>Kasutame k\u00fcpsiseid j\u00e4rgmistel eesm\u00e4rkidel:<\/p>\n\n\n\n<ol class=\"wp-block-list\">\n<li><strong>\u041d\u0435\u043e\u0431\u0445\u043e\u0434\u0438\u043c\u044b\u0435 Cookie<\/strong>\n<ul class=\"wp-block-list\">\n<li>\u041e\u043d\u0438 \u043e\u0431\u0435\u0441\u043f\u0435\u0447\u0438\u0432\u0430\u044e\u0442 \u043a\u043e\u0440\u0440\u0435\u043a\u0442\u043d\u0443\u044e \u0440\u0430\u0431\u043e\u0442\u0443 \u0441\u0430\u0439\u0442\u0430, \u0432\u043a\u043b\u044e\u0447\u0430\u044f \u0442\u0430\u043a\u0438\u0435 \u0444\u0443\u043d\u043a\u0446\u0438\u0438, \u043a\u0430\u043a \u0432\u0445\u043e\u0434 \u0432 \u0430\u043a\u043a\u0430\u0443\u043d\u0442 \u0438 \u043e\u0444\u043e\u0440\u043c\u043b\u0435\u043d\u0438\u0435 \u0437\u0430\u043a\u0430\u0437\u0430.<\/li>\n<\/ul>\n<\/li>\n\n\n\n<li><strong>\u0424\u0443\u043d\u043a\u0446\u0438\u043e\u043d\u0430\u043b\u044c\u043d\u044b\u0435 Cookie<\/strong>\n<ul class=\"wp-block-list\">\n<li>\u041f\u043e\u0437\u0432\u043e\u043b\u044f\u044e\u0442 \u0437\u0430\u043f\u043e\u043c\u0438\u043d\u0430\u0442\u044c \u0432\u0430\u0448\u0438 \u043f\u0440\u0435\u0434\u043f\u043e\u0447\u0442\u0435\u043d\u0438\u044f, \u0442\u0430\u043a\u0438\u0435 \u043a\u0430\u043a \u0432\u044b\u0431\u043e\u0440 \u044f\u0437\u044b\u043a\u0430 \u0438\u043b\u0438 \u0432\u0430\u043b\u044e\u0442\u044b.<\/li>\n<\/ul>\n<\/li>\n\n\n\n<li><strong>\u0410\u043d\u0430\u043b\u0438\u0442\u0438\u0447\u0435\u0441\u043a\u0438\u0435 Cookie<\/strong>\n<ul class=\"wp-block-list\">\n<li>\u041c\u044b \u0438\u0441\u043f\u043e\u043b\u044c\u0437\u0443\u0435\u043c \u0441\u0435\u0440\u0432\u0438\u0441\u044b, \u0442\u0430\u043a\u0438\u0435 \u043a\u0430\u043a Google Analytics, \u0434\u043b\u044f \u0430\u043d\u0430\u043b\u0438\u0437\u0430 \u0441\u0442\u0430\u0442\u0438\u0441\u0442\u0438\u043a\u0438 \u043f\u043e\u0441\u0435\u0449\u0435\u043d\u0438\u0439. \u042d\u0442\u043e \u043f\u043e\u043c\u043e\u0433\u0430\u0435\u0442 \u0443\u043b\u0443\u0447\u0448\u0438\u0442\u044c \u043d\u0430\u0448 \u0441\u0430\u0439\u0442.<\/li>\n<\/ul>\n<\/li>\n\n\n\n<li><strong>\u041c\u0430\u0440\u043a\u0435\u0442\u0438\u043d\u0433\u043e\u0432\u044b\u0435 Cookie<\/strong>\n<ul class=\"wp-block-list\">\n<li>\u042d\u0442\u0438 \u0444\u0430\u0439\u043b\u044b \u043f\u043e\u0437\u0432\u043e\u043b\u044f\u044e\u0442 \u043f\u043e\u043a\u0430\u0437\u044b\u0432\u0430\u0442\u044c \u0432\u0430\u043c \u043f\u0435\u0440\u0441\u043e\u043d\u0430\u043b\u0438\u0437\u0438\u0440\u043e\u0432\u0430\u043d\u043d\u044b\u0435 \u0440\u0435\u043a\u043b\u0430\u043c\u043d\u044b\u0435 \u043e\u0431\u044a\u044f\u0432\u043b\u0435\u043d\u0438\u044f \u043d\u0430 \u043e\u0441\u043d\u043e\u0432\u0435 \u0432\u0430\u0448\u0438\u0445 \u043f\u0440\u0435\u0434\u043f\u043e\u0447\u0442\u0435\u043d\u0438\u0439.<\/li>\n<\/ul>\n<\/li>\n<\/ol>\n\n\n\n<hr class=\"wp-block-separator has-alpha-channel-opacity\"\/>\n\n\n\n<h3 class=\"wp-block-heading\"><strong>Meie kasutatavate k\u00fcpsiste loend<\/strong><\/h3>\n\n\n\n<figure class=\"wp-block-table\"><table class=\"has-fixed-layout\"><thead><tr><th>K\u00fcpsise t\u00fc\u00fcp<\/th><th>Nimi<\/th><th>Eesm\u00e4rk<\/th><th>Kehtivusaeg<\/th><\/tr><\/thead><tbody><tr><td>N\u00f5utav<\/td><td>PHPSESSID<\/td><td>Kasutajaseansi tugi<\/td><td>Enne brauseri sulgemist<\/td><\/tr><tr><td>Anal\u00fc\u00fctiline<\/td><td>_ga, _gid<\/td><td>K\u00fclastage statistikat Google Analyticsi kaudu<\/td><td>1 aasta \/ 24 tundi<\/td><\/tr><tr><td>Turundus<\/td><td>fb_pixel<\/td><td>Facebooki uuesti sihtimine<\/td><td>90 p\u00e4eva<\/td><\/tr><\/tbody><\/table><\/figure>\n\n\n\n<hr class=\"wp-block-separator has-alpha-channel-opacity\"\/>\n\n\n\n<h3 class=\"wp-block-heading\"><strong>Kuidas k\u00fcpsiseid hallata?<\/strong><\/h3>\n\n\n\n<p>K\u00fcpsiseid saate hallata oma brauseri seadete kaudu:<\/p>\n\n\n\n<ul class=\"wp-block-list\">\n<li class=\"translation-block\"><strong>Google Chrome<\/strong>: <a href=\"https:\/\/support.google.com\/accounts\/answer\/61416?hl=ru&amp;co=GENIE.PlatformDesktop\" data-type=\"link\" id=\"https:\/\/support.google.com\/accounts\/answer\/61416?hl=ru&amp;co=GENIE.PlatformDesktop\" target=\"_self\">Link juhised<\/a><\/li>\n\n\n\n<li class=\"translation-block\"><strong>Mozilla Firefox<\/strong>: <a href=\"https:\/\/support.mozilla.org\/ru\/kb\/cookies-information-websites-store\" target=\"_self\">Juhiste link<\/a><\/li>\n\n\n\n<li class=\"translation-block\"><strong>Safari<\/strong>: <a href=\"https:\/\/support.apple.com\/ru-ru\/guide\/safari\/sfri11471\/mac\" target=\"_self\">Link juhistele<\/a><\/li>\n\n\n\n<li class=\"translation-block\"><strong>Microsoft Edge<\/strong>: <a href=\"https:\/\/support.microsoft.com\/ru-ru\/microsoft-edge\/delete-cookies-in-microsoft-edge-63947406-40ac-c3b8-57b9 -2a946a29ae09\" target=\"_self\">Link juhistele<\/a><\/li>\n<\/ul>\n\n\n\n<p>Samuti saate k\u00fcpsised keelata v\u00f5i kustutada oma brauseri seadete kaudu. See v\u00f5ib aga m\u00f5jutada saidi funktsionaalsust.<\/p>\n\n\n\n<hr class=\"wp-block-separator has-alpha-channel-opacity\"\/>\n\n\n\n<h3 class=\"wp-block-heading\"><strong>N\u00f5usolek k\u00fcpsiste kasutamiseks<\/strong><\/h3>\n\n\n\n<p>Kui k\u00fclastate meie saiti esmakordselt, palutakse teil k\u00fcpsiste kasutamisega n\u00f5ustuda. Saate oma eelistusi igal ajal muuta, avades saidi allosas oleva lingi kaudu k\u00fcpsiste seaded.<\/p>\n\n\n\n<hr class=\"wp-block-separator has-alpha-channel-opacity\"\/>\n\n\n\n<h3 class=\"wp-block-heading\"><strong>Kolmanda osapoole teenused<\/strong><\/h3>\n\n\n\n<p>Kasutame j\u00e4rgmisi kolmanda osapoole teenuseid, mis v\u00f5ivad k\u00fcpsiseid seada:<\/p>\n\n\n\n<ul class=\"wp-block-list\">\n<li><strong>Google Analytics<\/strong><\/li>\n\n\n\n<li><strong>Facebook Pixel<\/strong><\/li>\n<\/ul>\n\n\n\n<p>Neid teenuseid reguleerivad nende enda privaatsuspoliitikad, millega saate tutvuda nende veebisaitidel.<\/p>\n\n\n\n<hr class=\"wp-block-separator has-alpha-channel-opacity\"\/>\n\n\n\n<h3 class=\"wp-block-heading\"><strong>Kontaktid<\/strong><\/h3>\n\n\n\n<p class=\"translation-block\">Kui teil on meie k\u00fcpsisepoliitika kohta k\u00fcsimusi, v\u00f5tke meiega \u00fchendust:<br>E-post: <strong><a target=\"_self\">1raulzhelnov@gmail.com<\/a><\/strong><\/p>\n\n\n\n<p><\/p>","protected":false},"excerpt":{"rendered":"<p>\u041f\u043e\u043b\u0438\u0442\u0438\u043a\u0430 \u0438\u0441\u043f\u043e\u043b\u044c\u0437\u043e\u0432\u0430\u043d\u0438\u044f Cookie-\u0444\u0430\u0439\u043b\u043e\u0432 \u0414\u0430\u0442\u0430 \u043f\u043e\u0441\u043b\u0435\u0434\u043d\u0435\u0433\u043e \u043e\u0431\u043d\u043e\u0432\u043b\u0435\u043d\u0438\u044f: 25.12.2024\u0412\u043b\u0430\u0434\u0435\u043b\u0435\u0446 \u0441\u0430\u0439\u0442\u0430: ROZ O\u00dc\u0410\u0434\u0440\u0435\u0441 \u0441\u0430\u0439\u0442\u0430: https:\/\/cvetochka.ee\u041a\u043e\u043d\u0442\u0430\u043a\u0442\u043d\u044b\u0439 email: 1raulzhelnov@gmail.com \u0427\u0442\u043e \u0442\u0430\u043a\u043e\u0435 Cookie-\u0444\u0430\u0439\u043b\u044b? Cookie-\u0444\u0430\u0439\u043b\u044b \u2014 \u044d\u0442\u043e \u043d\u0435\u0431\u043e\u043b\u044c\u0448\u0438\u0435 \u0442\u0435\u043a\u0441\u0442\u043e\u0432\u044b\u0435 \u0444\u0430\u0439\u043b\u044b, \u043a\u043e\u0442\u043e\u0440\u044b\u0435 \u0441\u043e\u0445\u0440\u0430\u043d\u044f\u044e\u0442\u0441\u044f \u043d\u0430 \u0432\u0430\u0448\u0435\u043c \u0443\u0441\u0442\u0440\u043e\u0439\u0441\u0442\u0432\u0435 (\u043a\u043e\u043c\u043f\u044c\u044e\u0442\u0435\u0440\u0435, \u0442\u0435\u043b\u0435\u0444\u043e\u043d\u0435 \u0438\u043b\u0438 \u0434\u0440\u0443\u0433\u043e\u043c \u0443\u0441\u0442\u0440\u043e\u0439\u0441\u0442\u0432\u0435) \u043f\u0440\u0438 \u043f\u043e\u0441\u0435\u0449\u0435\u043d\u0438\u0438 \u043d\u0430\u0448\u0435\u0433\u043e \u0441\u0430\u0439\u0442\u0430. \u041e\u043d\u0438 \u043f\u043e\u0437\u0432\u043e\u043b\u044f\u044e\u0442 \u0441\u0430\u0439\u0442\u0443 \u0437\u0430\u043f\u043e\u043c\u0438\u043d\u0430\u0442\u044c \u0432\u0430\u0448\u0438 \u0434\u0435\u0439\u0441\u0442\u0432\u0438\u044f \u0438 \u043f\u0440\u0435\u0434\u043f\u043e\u0447\u0442\u0435\u043d\u0438\u044f (\u043d\u0430\u043f\u0440\u0438\u043c\u0435\u0440, \u044f\u0437\u044b\u043a, \u0442\u043e\u0432\u0430\u0440\u044b \u0432 \u043a\u043e\u0440\u0437\u0438\u043d\u0435), \u0447\u0442\u043e\u0431\u044b \u0443\u043b\u0443\u0447\u0448\u0438\u0442\u044c \u0432\u0430\u0448 \u043f\u043e\u043b\u044c\u0437\u043e\u0432\u0430\u0442\u0435\u043b\u044c\u0441\u043a\u0438\u0439 \u043e\u043f\u044b\u0442&#8230;.<\/p>","protected":false},"author":1,"featured_media":0,"parent":0,"menu_order":0,"comment_status":"closed","ping_status":"closed","template":"","meta":{"_kad_post_transparent":"","_kad_post_title":"","_kad_post_layout":"","_kad_post_sidebar_id":"","_kad_post_content_style":"","_kad_post_vertical_padding":"","_kad_post_feature":"","_kad_post_feature_position":"","_kad_post_header":false,"_kad_post_footer":false,"_kad_post_classname":"","footnotes":""},"class_list":["post-2839","page","type-page","status-publish","hentry"],"jetpack_sharing_enabled":true,"_links":{"self":[{"href":"https:\/\/cvetochka.ee\/et\/wp-json\/wp\/v2\/pages\/2839","targetHints":{"allow":["GET"]}}],"collection":[{"href":"https:\/\/cvetochka.ee\/et\/wp-json\/wp\/v2\/pages"}],"about":[{"href":"https:\/\/cvetochka.ee\/et\/wp-json\/wp\/v2\/types\/page"}],"author":[{"embeddable":true,"href":"https:\/\/cvetochka.ee\/et\/wp-json\/wp\/v2\/users\/1"}],"replies":[{"embeddable":true,"href":"https:\/\/cvetochka.ee\/et\/wp-json\/wp\/v2\/comments?post=2839"}],"version-history":[{"count":2,"href":"https:\/\/cvetochka.ee\/et\/wp-json\/wp\/v2\/pages\/2839\/revisions"}],"predecessor-version":[{"id":2842,"href":"https:\/\/cvetochka.ee\/et\/wp-json\/wp\/v2\/pages\/2839\/revisions\/2842"}],"wp:attachment":[{"href":"https:\/\/cvetochka.ee\/et\/wp-json\/wp\/v2\/media?parent=2839"}],"curies":[{"name":"wp","href":"https:\/\/api.w.org\/{rel}","templated":true}]}}