{"id":1758,"date":"2024-11-08T15:20:07","date_gmt":"2024-11-08T12:20:07","guid":{"rendered":"https:\/\/cvetochka.ee\/?page_id=1758"},"modified":"2025-10-06T00:18:41","modified_gmt":"2025-10-05T21:18:41","slug":"%d1%87%d0%b0%d1%81%d1%82%d0%be-%d0%b7%d0%b0%d0%b4%d0%b0%d0%b2%d0%b0%d0%b5%d0%bc%d1%8b%d0%b5-%d0%b2%d0%be%d0%bf%d1%80%d0%be%d1%81%d1%8b","status":"publish","type":"page","link":"https:\/\/cvetochka.ee\/et\/%d1%87%d0%b0%d1%81%d1%82%d0%be-%d0%b7%d0%b0%d0%b4%d0%b0%d0%b2%d0%b0%d0%b5%d0%bc%d1%8b%d0%b5-%d0%b2%d0%be%d0%bf%d1%80%d0%be%d1%81%d1%8b\/","title":{"rendered":"Korduma kippuvad k\u00fcsimused"},"content":{"rendered":"<div data-elementor-type=\"wp-page\" data-elementor-id=\"1758\" class=\"elementor elementor-1758\" wpc-filter-elementor-widget=\"1\">\n\t\t\t\t<div class=\"elementor-element elementor-element-ace39e7 e-flex e-con-boxed e-con e-parent\" data-id=\"ace39e7\" data-element_type=\"container\" data-e-type=\"container\" data-settings=\"{&quot;background_background&quot;:&quot;classic&quot;}\">\n\t\t\t\t\t<div class=\"e-con-inner\">\n\t\t<div class=\"elementor-element elementor-element-bb228ca e-con-full e-flex e-con e-child\" data-id=\"bb228ca\" data-element_type=\"container\" data-e-type=\"container\">\n\t\t\t\t<div class=\"elementor-element elementor-element-d0e3be9 elementor-widget elementor-widget-heading\" data-id=\"d0e3be9\" data-element_type=\"widget\" data-e-type=\"widget\" data-widget_type=\"heading.default\">\n\t\t\t\t<div class=\"elementor-widget-container\">\n\t\t\t\t\t<h2 class=\"elementor-heading-title elementor-size-default\">Siit leiate vastused oma k\u00fcsimustele<\/h2>\t\t\t\t<\/div>\n\t\t\t\t<\/div>\n\t\t\t\t<div class=\"elementor-element elementor-element-9e0c56c elementor-widget elementor-widget-text-editor\" data-id=\"9e0c56c\" data-element_type=\"widget\" data-e-type=\"widget\" data-widget_type=\"text-editor.default\">\n\t\t\t\t<div class=\"elementor-widget-container\">\n\t\t\t\t\t\t\t\t\t<p>Sellesse jaotisse oleme kogunud vastused meie klientide k\u00f5ige populaarsematele k\u00fcsimustele, et aidata teil kiiresti vajalikku teavet leida.<\/p>\t\t\t\t\t\t\t\t<\/div>\n\t\t\t\t<\/div>\n\t\t\t\t<div class=\"elementor-element elementor-element-87b4de2 elementor-invisible elementor-widget elementor-widget-ucaddon_uc_icon_accordion\" data-id=\"87b4de2\" data-element_type=\"widget\" data-e-type=\"widget\" data-settings=\"{&quot;_animation&quot;:&quot;fadeIn&quot;,&quot;_animation_delay&quot;:250}\" data-widget_type=\"ucaddon_uc_icon_accordion.default\">\n\t\t\t\t<div class=\"elementor-widget-container\">\n\t\t\t\t\t\n<!-- start Icon Accordion -->\n\t\t<link id='font-awesome-css' href='https:\/\/cvetochka.ee\/wp-content\/plugins\/unlimited-elements-for-elementor\/assets_libraries\/font-awesome6\/fontawesome-all.min.css' type='text\/css' rel='stylesheet' >\n\t\t<link id='font-awesome-4-shim-css' href='https:\/\/cvetochka.ee\/wp-content\/plugins\/unlimited-elements-for-elementor\/assets_libraries\/font-awesome6\/fontawesome-v4-shims.min.css' type='text\/css' rel='stylesheet' >\n\n<style>\/* widget: Icon Accordion *\/\n\n#uc_uc_icon_accordion_elementor_87b4de2 *{\n\tbox-sizing: border-box;\n}\n#uc_uc_icon_accordion_elementor_87b4de2 .uc_container .uc-heading\n{\n\tcursor:pointer;\n    display:flex;\n    align-items:center;\n    transition:0.3s;\n}\n#uc_uc_icon_accordion_elementor_87b4de2 .uc_container .uc-heading span.bbb\n{\n\tdisplay:block;\n\t\n}\n#uc_uc_icon_accordion_elementor_87b4de2 .uc_ac_box.uc-item-active span.uc_dactive\n{\n\tdisplay:none;\n}\n#uc_uc_icon_accordion_elementor_87b4de2 .uc_ac_box:not(.uc-item-active) span.uc_active\n{\n\tdisplay:none;\n}\n\n#uc_uc_icon_accordion_elementor_87b4de2 .ue_icon_holder,\n#uc_uc_icon_accordion_elementor_87b4de2 .ue_icon_spacing\n{\n  flex-grow:0;\n  flex-shrink:0; \n}\n#uc_uc_icon_accordion_elementor_87b4de2 .uc_content{\n\tdisplay: none;\n}\n#uc_uc_icon_accordion_elementor_87b4de2 .ue_icon\n{\n  display:flex;\n  justify-content:center;\n  align-items:center;\n  line-height:1em;\n  transition:0.3s;\n}\n\n#uc_uc_icon_accordion_elementor_87b4de2 .ue_icon svg\n{\n  height:1em;\n  width:1em;\n}\n\n#uc_uc_icon_accordion_elementor_87b4de2 .ue_expand_inside\n{\n  display:flex;\n  justify-content:center;\n  align-items:center;\n  line-height:1em;\n}\n\n#uc_uc_icon_accordion_elementor_87b4de2 .ue_expand_inside svg\n{\n  height:1em;\n  width:1em;\n}\n\n#uc_uc_icon_accordion_elementor_87b4de2 .ue_expand,\n#uc_uc_icon_accordion_elementor_87b4de2 .ue_expand_spacing\n{\n  flex-grow:0;\n  flex-shrink:0;\n}\n\n#uc_uc_icon_accordion_elementor_87b4de2 .ue_title\n{\n  flex-grow:1;\n}\n\n#uc_uc_icon_accordion_elementor_87b4de2 .uc_ac_box:last-child\n{\n  margin-bottom:0px;\n}\n\n#uc_uc_icon_accordion_elementor_87b4de2 .uc_ac_box\n{\n  overflow:hidden;\n}\n#uc_uc_icon_accordion_elementor_87b4de2_item1 .ue_icon\n{\n  background-color:;\n}\n\n#uc_uc_icon_accordion_elementor_87b4de2_item1 .uc-heading\n{\n  background-color:;\n}\n#uc_uc_icon_accordion_elementor_87b4de2_item2 .ue_icon\n{\n  background-color:;\n}\n\n#uc_uc_icon_accordion_elementor_87b4de2_item2 .uc-heading\n{\n  background-color:;\n}\n#uc_uc_icon_accordion_elementor_87b4de2_item3 .ue_icon\n{\n  background-color:;\n}\n\n#uc_uc_icon_accordion_elementor_87b4de2_item3 .uc-heading\n{\n  background-color:;\n}\n#uc_uc_icon_accordion_elementor_87b4de2_item4 .ue_icon\n{\n  background-color:;\n}\n\n#uc_uc_icon_accordion_elementor_87b4de2_item4 .uc-heading\n{\n  background-color:;\n}\n#uc_uc_icon_accordion_elementor_87b4de2_item5 .ue_icon\n{\n  background-color:;\n}\n\n#uc_uc_icon_accordion_elementor_87b4de2_item5 .uc-heading\n{\n  background-color:;\n}\n#uc_uc_icon_accordion_elementor_87b4de2_item6 .ue_icon\n{\n  background-color:;\n}\n\n#uc_uc_icon_accordion_elementor_87b4de2_item6 .uc-heading\n{\n  background-color:;\n}\n#uc_uc_icon_accordion_elementor_87b4de2_item7 .ue_icon\n{\n  background-color:;\n}\n\n#uc_uc_icon_accordion_elementor_87b4de2_item7 .uc-heading\n{\n  background-color:;\n}\n#uc_uc_icon_accordion_elementor_87b4de2_item8 .ue_icon\n{\n  background-color:;\n}\n\n#uc_uc_icon_accordion_elementor_87b4de2_item8 .uc-heading\n{\n  background-color:;\n}\n#uc_uc_icon_accordion_elementor_87b4de2_item9 .ue_icon\n{\n  background-color:;\n}\n\n#uc_uc_icon_accordion_elementor_87b4de2_item9 .uc-heading\n{\n  background-color:;\n}\n#uc_uc_icon_accordion_elementor_87b4de2_item10 .ue_icon\n{\n  background-color:;\n}\n\n#uc_uc_icon_accordion_elementor_87b4de2_item10 .uc-heading\n{\n  background-color:;\n}\n#uc_uc_icon_accordion_elementor_87b4de2_item11 .ue_icon\n{\n  background-color:;\n}\n\n#uc_uc_icon_accordion_elementor_87b4de2_item11 .uc-heading\n{\n  background-color:;\n}\n\n\n<\/style>\n\n<div class=\"uc_material_accordion\" id=\"uc_uc_icon_accordion_elementor_87b4de2\" data-name=\"\" data-closeothers=\"true\" >\n    \t<div class=\"uc_container\">\n            \n\t\t\n<div id=\"uc_uc_icon_accordion_elementor_87b4de2_item1\" class=\"uc_ac_box uc-item-active elementor-repeater-item-442ba3d\">\n  <div class=\"uc-heading uc_trigger\">\n    \n        \n    <div class=\"ue_title\">Kuidas tellimust esitada?<\/div>\n    \n    \n        <div class=\"ue_expand_spacing\"><\/div>\n    <div class=\"ue_expand\">\n      <div class=\"ue_expand_inside\">\n      <span class=\"uc_dactive bbb ue_accordion_icon\" ><i class='newicon newicon-plus'><\/i><\/span>\n      <span class=\"uc_active bbb ue_accordion_icon\"><i class='newicon newicon-minus'><\/i><\/span>\n      <\/div>\n    <\/div>\n        \n  <\/div>\n  <!-- end of heading -->\n  \n  \n  <div class=\"uc_content\" style='display:block'>\n          <p>Tellimuse vormistamiseks valige meelep\u00e4rane kimp v\u00f5i seade, lisage ostukorvi ja j\u00e4tkake kassaga. T\u00e4itke andmed, samuti mugav makseviis. Kui teie tellimus on l\u00f5petatud, saate kinnitusmeili.<\/p>\n     \n    \n     \n    \n  <\/div>\n<\/div>\n\n\n<div id=\"uc_uc_icon_accordion_elementor_87b4de2_item2\" class=\"uc_ac_box  elementor-repeater-item-a540561\">\n  <div class=\"uc-heading uc_trigger\">\n    \n        \n    <div class=\"ue_title\">Millistesse linnadesse on tarnimine v\u00f5imalik?<\/div>\n    \n    \n        <div class=\"ue_expand_spacing\"><\/div>\n    <div class=\"ue_expand\">\n      <div class=\"ue_expand_inside\">\n      <span class=\"uc_dactive bbb ue_accordion_icon\" ><i class='newicon newicon-plus'><\/i><\/span>\n      <span class=\"uc_active bbb ue_accordion_icon\"><i class='newicon newicon-minus'><\/i><\/span>\n      <\/div>\n    <\/div>\n        \n  <\/div>\n  <!-- end of heading -->\n  \n  \n  <div class=\"uc_content\" >\n          <p>Toome lilli kohale kogu Ida-Virumaal. Kui teil on k\u00fcsimusi konkreetsesse piirkonda saatmise kohta, v\u00f5tke meiega \u00fchendust.<br \/><br \/>Hindu saate vaadata, minnes jaotisesse \"Abi\" -&gt; \"Kohaletoimetamine\".<\/p>\n     \n    \n     \n    \n  <\/div>\n<\/div>\n\n\n<div id=\"uc_uc_icon_accordion_elementor_87b4de2_item3\" class=\"uc_ac_box  elementor-repeater-item-651f0ac\">\n  <div class=\"uc-heading uc_trigger\">\n    \n        \n    <div class=\"ue_title\">Kas ma saan valida tarneaja?<\/div>\n    \n    \n        <div class=\"ue_expand_spacing\"><\/div>\n    <div class=\"ue_expand\">\n      <div class=\"ue_expand_inside\">\n      <span class=\"uc_dactive bbb ue_accordion_icon\" ><i class='newicon newicon-plus'><\/i><\/span>\n      <span class=\"uc_active bbb ue_accordion_icon\"><i class='newicon newicon-minus'><\/i><\/span>\n      <\/div>\n    <\/div>\n        \n  <\/div>\n  <!-- end of heading -->\n  \n  \n  <div class=\"uc_content\" >\n          <p>Jah, saate tellimuse vormistamisel t\u00e4psustada oma eelistatud tarneaja. P\u00fc\u00fcame teie soovi t\u00e4ita, kuid m\u00f5nikord v\u00f5ib liiklusoludest tulenevalt esineda v\u00e4iksemaid k\u00f5rvalekaldeid.<\/p>\n     \n    \n     \n    \n  <\/div>\n<\/div>\n\n\n<div id=\"uc_uc_icon_accordion_elementor_87b4de2_item4\" class=\"uc_ac_box  elementor-repeater-item-3e0e965\">\n  <div class=\"uc-heading uc_trigger\">\n    \n        \n    <div class=\"ue_title\"> Kui kiiresti saan tarne k\u00e4tte?<\/div>\n    \n    \n        <div class=\"ue_expand_spacing\"><\/div>\n    <div class=\"ue_expand\">\n      <div class=\"ue_expand_inside\">\n      <span class=\"uc_dactive bbb ue_accordion_icon\" ><i class='newicon newicon-plus'><\/i><\/span>\n      <span class=\"uc_active bbb ue_accordion_icon\"><i class='newicon newicon-minus'><\/i><\/span>\n      <\/div>\n    <\/div>\n        \n  <\/div>\n  <!-- end of heading -->\n  \n  \n  <div class=\"uc_content\" >\n          <p>Kiireks kohaletoimetamiseks v\u00f5tke meiega \u00fchendust ja me anname endast parima, et teid aidata.<\/p>\n     \n    \n     \n    \n  <\/div>\n<\/div>\n\n\n<div id=\"uc_uc_icon_accordion_elementor_87b4de2_item5\" class=\"uc_ac_box  elementor-repeater-item-0033093\">\n  <div class=\"uc-heading uc_trigger\">\n    \n        \n    <div class=\"ue_title\">Kas ma saan oma tellimust muuta v\u00f5i t\u00fchistada?<\/div>\n    \n    \n        <div class=\"ue_expand_spacing\"><\/div>\n    <div class=\"ue_expand\">\n      <div class=\"ue_expand_inside\">\n      <span class=\"uc_dactive bbb ue_accordion_icon\" ><i class='newicon newicon-plus'><\/i><\/span>\n      <span class=\"uc_active bbb ue_accordion_icon\"><i class='newicon newicon-minus'><\/i><\/span>\n      <\/div>\n    <\/div>\n        \n  <\/div>\n  <!-- end of heading -->\n  \n  \n  <div class=\"uc_content\" >\n          <p>Jah, saate oma tellimust muuta v\u00f5i t\u00fchistada hiljemalt \"vajame teie aega\". Selleks v\u00f5tke meiega esimesel v\u00f5imalusel \u00fchendust.<\/p>\n     \n    \n     \n    \n  <\/div>\n<\/div>\n\n\n<div id=\"uc_uc_icon_accordion_elementor_87b4de2_item6\" class=\"uc_ac_box  elementor-repeater-item-d346828\">\n  <div class=\"uc-heading uc_trigger\">\n    \n        \n    <div class=\"ue_title\">Millised lilled saavad kimpu?<\/div>\n    \n    \n        <div class=\"ue_expand_spacing\"><\/div>\n    <div class=\"ue_expand\">\n      <div class=\"ue_expand_inside\">\n      <span class=\"uc_dactive bbb ue_accordion_icon\" ><i class='newicon newicon-plus'><\/i><\/span>\n      <span class=\"uc_active bbb ue_accordion_icon\"><i class='newicon newicon-minus'><\/i><\/span>\n      <\/div>\n    <\/div>\n        \n  <\/div>\n  <!-- end of heading -->\n  \n  \n  <div class=\"uc_content\" >\n          <p>\u00dcritame alati koostada kimbu t\u00e4pselt nii, nagu kodulehel kirjeldatud, kuid m\u00f5nikord v\u00f5ivad lilled hooajalisuse t\u00f5ttu v\u00f5i laost otsas olla asendatud. Sellistel juhtudel tehakse asendusi, s\u00e4ilitades samas \u00fcldise stiili ja v\u00e4rviskeemi.<\/p>\n     \n    \n     \n    \n  <\/div>\n<\/div>\n\n\n<div id=\"uc_uc_icon_accordion_elementor_87b4de2_item7\" class=\"uc_ac_box  elementor-repeater-item-d8ed672\">\n  <div class=\"uc-heading uc_trigger\">\n    \n        \n    <div class=\"ue_title\">Kas garanteerite lillede v\u00e4rskuse?<\/div>\n    \n    \n        <div class=\"ue_expand_spacing\"><\/div>\n    <div class=\"ue_expand\">\n      <div class=\"ue_expand_inside\">\n      <span class=\"uc_dactive bbb ue_accordion_icon\" ><i class='newicon newicon-plus'><\/i><\/span>\n      <span class=\"uc_active bbb ue_accordion_icon\"><i class='newicon newicon-minus'><\/i><\/span>\n      <\/div>\n    <\/div>\n        \n  <\/div>\n  <!-- end of heading -->\n  \n  \n  <div class=\"uc_content\" >\n          <p>Jah, me j\u00e4lgime hoolikalt iga kimbu kvaliteeti ja v\u00e4rskust. K\u00f5ik lilled tulevad meile usaldusv\u00e4\u00e4rsetelt tarnijatelt ja l\u00e4bivad enne saatmist kvaliteedikontrolli.<\/p>\n     \n    \n     \n    \n  <\/div>\n<\/div>\n\n\n<div id=\"uc_uc_icon_accordion_elementor_87b4de2_item8\" class=\"uc_ac_box  elementor-repeater-item-9dcabba\">\n  <div class=\"uc-heading uc_trigger\">\n    \n        \n    <div class=\"ue_title\">Kas teil on v\u00f5imalus tellida kimp?<\/div>\n    \n    \n        <div class=\"ue_expand_spacing\"><\/div>\n    <div class=\"ue_expand\">\n      <div class=\"ue_expand_inside\">\n      <span class=\"uc_dactive bbb ue_accordion_icon\" ><i class='newicon newicon-plus'><\/i><\/span>\n      <span class=\"uc_active bbb ue_accordion_icon\"><i class='newicon newicon-minus'><\/i><\/span>\n      <\/div>\n    <\/div>\n        \n  <\/div>\n  <!-- end of heading -->\n  \n  \n  <div class=\"uc_content\" >\n          <p>Jah, me saame kokku panna kimbu vastavalt teie individuaalsele soovile. V\u00f5tke \u00fchendust meie lillepoodidega, et arutada \u00fcksikasju ja luua ainulaadne seade.<\/p>\n     \n    \n     \n    \n  <\/div>\n<\/div>\n\n\n<div id=\"uc_uc_icon_accordion_elementor_87b4de2_item9\" class=\"uc_ac_box  elementor-repeater-item-1ad8017\">\n  <div class=\"uc-heading uc_trigger\">\n    \n        \n    <div class=\"ue_title\">Kas ma saan kimbule lisada kaardi v\u00f5i kingituse?<\/div>\n    \n    \n        <div class=\"ue_expand_spacing\"><\/div>\n    <div class=\"ue_expand\">\n      <div class=\"ue_expand_inside\">\n      <span class=\"uc_dactive bbb ue_accordion_icon\" ><i class='newicon newicon-plus'><\/i><\/span>\n      <span class=\"uc_active bbb ue_accordion_icon\"><i class='newicon newicon-minus'><\/i><\/span>\n      <\/div>\n    <\/div>\n        \n  <\/div>\n  <!-- end of heading -->\n  \n  \n  <div class=\"uc_content\" >\n          <p>Kindlasti! Tellimust vormistades on Teil v\u00f5imalus valida kaart ja lisada personaalne s\u00f5num. Meil on ka lisatooteid nagu kommid, pehmed m\u00e4nguasjad ja vaasid.<\/p>\n     \n    \n     \n    \n  <\/div>\n<\/div>\n\n\n<div id=\"uc_uc_icon_accordion_elementor_87b4de2_item10\" class=\"uc_ac_box  elementor-repeater-item-e0bbd69\">\n  <div class=\"uc-heading uc_trigger\">\n    \n        \n    <div class=\"ue_title\">Mida teha, kui saadud kimp ei vasta tellitule?<\/div>\n    \n    \n        <div class=\"ue_expand_spacing\"><\/div>\n    <div class=\"ue_expand\">\n      <div class=\"ue_expand_inside\">\n      <span class=\"uc_dactive bbb ue_accordion_icon\" ><i class='newicon newicon-plus'><\/i><\/span>\n      <span class=\"uc_active bbb ue_accordion_icon\"><i class='newicon newicon-minus'><\/i><\/span>\n      <\/div>\n    <\/div>\n        \n  <\/div>\n  <!-- end of heading -->\n  \n  \n  <div class=\"uc_content\" >\n          <p>Kui te ei ole rahul kimbu kvaliteedi v\u00f5i v\u00e4limusega, v\u00f5tke meiega \u00fchendust \"vajame teilt aega\" tundide jooksul p\u00e4rast k\u00e4ttesaamist. Anname endast parima, et probleem lahendada.<\/p>\n     \n    \n     \n    \n  <\/div>\n<\/div>\n\n\n<div id=\"uc_uc_icon_accordion_elementor_87b4de2_item11\" class=\"uc_ac_box  elementor-repeater-item-ba30b2e\">\n  <div class=\"uc-heading uc_trigger\">\n    \n        \n    <div class=\"ue_title\">Kui kaua s\u00e4ilib lillekimp v\u00e4rske?<\/div>\n    \n    \n        <div class=\"ue_expand_spacing\"><\/div>\n    <div class=\"ue_expand\">\n      <div class=\"ue_expand_inside\">\n      <span class=\"uc_dactive bbb ue_accordion_icon\" ><i class='newicon newicon-plus'><\/i><\/span>\n      <span class=\"uc_active bbb ue_accordion_icon\"><i class='newicon newicon-minus'><\/i><\/span>\n      <\/div>\n    <\/div>\n        \n  <\/div>\n  <!-- end of heading -->\n  \n  \n  <div class=\"uc_content\" >\n          <p>V\u00e4rskusperiood s\u00f5ltub lillede t\u00fc\u00fcbist ja nende s\u00e4ilitustingimustest. Keskmiselt r\u00f5\u00f5mustab meie kimp teid 5\u20137 p\u00e4eva. Soovitame vett vahetada iga p\u00e4ev ja hoida lilli otsese p\u00e4ikesevalguse ja tuulet\u00f5mbuse eest.<\/p>\n     \n    \n     \n    \n  <\/div>\n<\/div>\n\n        <\/div>\n<\/div>\n<!-- end Icon Accordion -->\t\t\t\t<\/div>\n\t\t\t\t<\/div>\n\t\t\t\t<div class=\"elementor-element elementor-element-de38701 elementor-fixed elementor-widget elementor-widget-ucaddon_pulsing_icon_button\" data-id=\"de38701\" data-element_type=\"widget\" data-e-type=\"widget\" data-settings=\"{&quot;_position&quot;:&quot;fixed&quot;}\" data-widget_type=\"ucaddon_pulsing_icon_button.default\">\n\t\t\t\t<div class=\"elementor-widget-container\">\n\t\t\t\t\t\n<!-- start Call To Action Button -->\n\n<style>\/* widget: Call To Action Button *\/\n\n#uc_pulsing_icon_button_elementor_de38701\n{\n width:100%;\n}\n\n#uc_pulsing_icon_button_elementor_de38701 .ue-call-to-action-btn\n{\n  display:flex;\n  flex-direction:column;\n}\n\n#uc_pulsing_icon_button_elementor_de38701 .ue-call-to-action-button\n{\n  display:flex;\n  transition:0.5s;\n  text-decoration:none;\n  align-items:center;\n}\n\n\n#uc_pulsing_icon_button_elementor_de38701 a div.pulsing_icon_button\n{\n   align-items: center;\n    justify-content: center;\n    flex-direction: column; \n   display:flex;\n  position:relative;\n  transition:1s;\n\n}\n\n#uc_pulsing_icon_button_elementor_de38701 .pulsing_icon_button i \n{\n\n  vertical-align:middle;\n}\n\n#uc_pulsing_icon_button_elementor_de38701 .ue-btn-icon\n{\n  line-height:1em;\n}\n\n#uc_pulsing_icon_button_elementor_de38701 .ue-btn-icon svg\n{\n  width:1em;\n  height:1em;\n}\n\n\n#uc_pulsing_icon_button_elementor_de38701 .ue-btn-spacing\n{\n  flex-grow:0;\n  flex-shrink:0;\n}\n\n#uc_pulsing_icon_button_elementor_de38701 .ue-pulse-effect\n{\n  position:relative;\n  display:block;\n}\n\n\n#uc_pulsing_icon_button_elementor_de38701 .ue-pulse-effect:before\n{\n  content: '';\n    display: inline-block;\n    position: absolute;\n    top: -2px;\n    left: -2px;\n    bottom: -2px;\n    right: -2px;\n    border-radius: inherit;\n    border-width:1px;\n    border-style:solid;\n    animation: btnIconRipple 1s cubic-bezier(0.23, 1, 0.32, 1) both infinite;\n}\n\n@keyframes btnIconRipple {\n  0% {\n    border-width: 4px;\n            transform: scale(1);\n  }\n  80% {\n    border-width: 1px;\n            transform: scale(1.35);\n  }\n  100% {\n    opacity: 0;\n  }\n}\n\n#uc_pulsing_icon_button_elementor_de38701 .ue-call-to-action-message\n{\n  overflow:hidden;\n}\n\n#uc_pulsing_icon_button_elementor_de38701 .ue-call-to-action-message-title\n{\n  display:flex;\n  align-items:center;\n}\n#uc_pulsing_icon_button_elementor_de38701 .ue-call-to-action-message-title-text\n{\n  flex-grow:1;\n}\n\n#uc_pulsing_icon_button_elementor_de38701 .ue-call-to-action-message-title-icon-spacing\n{\n  width:10px;\n}\n\n#uc_pulsing_icon_button_elementor_de38701 .ue-call-to-action-message-title-close\n{\n  cursor:pointer;\n  line-height:1em;\n}\n\n#uc_pulsing_icon_button_elementor_de38701 .ue-call-to-action-message-title-close svg\n{\n  width:1em;\n  height:1em;\n}\n\n#uc_pulsing_icon_button_elementor_de38701 .ue-call-to-action-message-title-icon\n{\n  line-height:1em;\n}\n\n#uc_pulsing_icon_button_elementor_de38701 .ue-call-to-action-message-title-icon svg\n{\n  width:1em;\n  height:1em;\n}\n\n<\/style>\n\n<div id=\"uc_pulsing_icon_button_elementor_de38701\" >\n<div class=\"ue-call-to-action-btn\">\n  \n     \n<div>    \n<a class=\"ue-pulse-effect\" href=\"tel:tel:+37256333736\" >\n  <div class=\"ue-call-to-action-button\">\n    <div class=\"pulsing_icon_button\"><div class=\"ue-btn-icon\"><i class='fas fa-phone-alt'><\/i><\/div><\/div>\n      <\/div>\n<\/a>\n<\/div>\n  \n  \n<\/div>\n<\/div>\n<!-- end Call To Action Button -->\t\t\t\t<\/div>\n\t\t\t\t<\/div>\n\t\t\t\t<\/div>\n\t\t\t\t\t<\/div>\n\t\t\t\t<\/div>\n\t\t\t\t<\/div>","protected":false},"excerpt":{"rendered":"<p>\u0417\u0434\u0435\u0441\u044c \u0432\u044b \u043d\u0430\u0439\u0434\u0435\u0442\u0435 \u043e\u0442\u0432\u0435\u0442\u044b \u043d\u0430 \u0432\u0430\u0448\u0438 \u0432\u043e\u043f\u0440\u043e\u0441\u044b \u0412 \u044d\u0442\u043e\u043c \u0440\u0430\u0437\u0434\u0435\u043b\u0435 \u043c\u044b \u0441\u043e\u0431\u0440\u0430\u043b\u0438 \u043e\u0442\u0432\u0435\u0442\u044b \u043d\u0430 \u0441\u0430\u043c\u044b\u0435 \u043f\u043e\u043f\u0443\u043b\u044f\u0440\u043d\u044b\u0435 \u0432\u043e\u043f\u0440\u043e\u0441\u044b \u043d\u0430\u0448\u0438\u0445 \u043a\u043b\u0438\u0435\u043d\u0442\u043e\u0432, \u0447\u0442\u043e\u0431\u044b \u043f\u043e\u043c\u043e\u0447\u044c \u0432\u0430\u043c \u0431\u044b\u0441\u0442\u0440\u043e \u043d\u0430\u0439\u0442\u0438 \u043d\u0443\u0436\u043d\u0443\u044e \u0438\u043d\u0444\u043e\u0440\u043c\u0430\u0446\u0438\u044e \u041a\u0430\u043a \u043e\u0444\u043e\u0440\u043c\u0438\u0442\u044c \u0437\u0430\u043a\u0430\u0437? \u0414\u043b\u044f \u043e\u0444\u043e\u0440\u043c\u043b\u0435\u043d\u0438\u044f \u0437\u0430\u043a\u0430\u0437\u0430 \u0432\u044b\u0431\u0435\u0440\u0438\u0442\u0435 \u043f\u043e\u043d\u0440\u0430\u0432\u0438\u0432\u0448\u0438\u0439\u0441\u044f \u0431\u0443\u043a\u0435\u0442 \u0438\u043b\u0438 \u043a\u043e\u043c\u043f\u043e\u0437\u0438\u0446\u0438\u044e, \u0434\u043e\u0431\u0430\u0432\u044c\u0442\u0435 \u0432 \u043a\u043e\u0440\u0437\u0438\u043d\u0443 \u0438 \u043f\u0435\u0440\u0435\u0439\u0434\u0438\u0442\u0435 \u043a \u043e\u0444\u043e\u0440\u043c\u043b\u0435\u043d\u0438\u044e. \u0417\u0430\u043f\u043e\u043b\u043d\u0438\u0442\u0435 \u0434\u0430\u043d\u043d\u044b\u0435, \u0430 \u0442\u0430\u043a\u0436\u0435 \u0443\u0434\u043e\u0431\u043d\u044b\u0439 \u0441\u043f\u043e\u0441\u043e\u0431 \u043e\u043f\u043b\u0430\u0442\u044b. \u041f\u043e\u0441\u043b\u0435 \u0437\u0430\u0432\u0435\u0440\u0448\u0435\u043d\u0438\u044f \u0437\u0430\u043a\u0430\u0437\u0430 \u0432\u044b&#8230;<\/p>","protected":false},"author":1,"featured_media":0,"parent":0,"menu_order":0,"comment_status":"closed","ping_status":"closed","template":"","meta":{"_kad_post_transparent":"","_kad_post_title":"","_kad_post_layout":"","_kad_post_sidebar_id":"","_kad_post_content_style":"","_kad_post_vertical_padding":"","_kad_post_feature":"","_kad_post_feature_position":"","_kad_post_header":false,"_kad_post_footer":false,"_kad_post_classname":"","footnotes":""},"class_list":["post-1758","page","type-page","status-publish","hentry"],"jetpack_sharing_enabled":true,"_links":{"self":[{"href":"https:\/\/cvetochka.ee\/et\/wp-json\/wp\/v2\/pages\/1758","targetHints":{"allow":["GET"]}}],"collection":[{"href":"https:\/\/cvetochka.ee\/et\/wp-json\/wp\/v2\/pages"}],"about":[{"href":"https:\/\/cvetochka.ee\/et\/wp-json\/wp\/v2\/types\/page"}],"author":[{"embeddable":true,"href":"https:\/\/cvetochka.ee\/et\/wp-json\/wp\/v2\/users\/1"}],"replies":[{"embeddable":true,"href":"https:\/\/cvetochka.ee\/et\/wp-json\/wp\/v2\/comments?post=1758"}],"version-history":[{"count":28,"href":"https:\/\/cvetochka.ee\/et\/wp-json\/wp\/v2\/pages\/1758\/revisions"}],"predecessor-version":[{"id":4778,"href":"https:\/\/cvetochka.ee\/et\/wp-json\/wp\/v2\/pages\/1758\/revisions\/4778"}],"wp:attachment":[{"href":"https:\/\/cvetochka.ee\/et\/wp-json\/wp\/v2\/media?parent=1758"}],"curies":[{"name":"wp","href":"https:\/\/api.w.org\/{rel}","templated":true}]}}