{"id":1756,"date":"2024-11-08T15:19:43","date_gmt":"2024-11-08T12:19:43","guid":{"rendered":"https:\/\/cvetochka.ee\/?page_id=1756"},"modified":"2024-11-08T21:21:55","modified_gmt":"2024-11-08T18:21:55","slug":"%d0%b4%d0%be%d1%81%d1%82%d0%b0%d0%b2%d0%ba%d0%b0","status":"publish","type":"page","link":"https:\/\/cvetochka.ee\/et\/%d0%b4%d0%be%d1%81%d1%82%d0%b0%d0%b2%d0%ba%d0%b0\/","title":{"rendered":"Kohaletoimetamine"},"content":{"rendered":"<figure class=\"wp-block-image size-large has-custom-border\"><img fetchpriority=\"high\" decoding=\"async\" width=\"1024\" height=\"408\" src=\"https:\/\/cvetochka.ee\/wp-content\/uploads\/2024\/11\/bg6-1024x408.png\" alt=\"\" class=\"wp-image-1159\" style=\"border-radius:4px\" srcset=\"https:\/\/cvetochka.ee\/wp-content\/uploads\/2024\/11\/bg6-1024x408.png 1024w, https:\/\/cvetochka.ee\/wp-content\/uploads\/2024\/11\/bg6-700x279.png 700w, https:\/\/cvetochka.ee\/wp-content\/uploads\/2024\/11\/bg6-300x119.png 300w, https:\/\/cvetochka.ee\/wp-content\/uploads\/2024\/11\/bg6-768x306.png 768w, https:\/\/cvetochka.ee\/wp-content\/uploads\/2024\/11\/bg6-1536x612.png 1536w, https:\/\/cvetochka.ee\/wp-content\/uploads\/2024\/11\/bg6.png 1728w\" sizes=\"(max-width: 1024px) 100vw, 1024px\" \/><\/figure>\n\n\n\n<p><strong>Kohaletoimetamine<\/strong><\/p>\n\n\n\n<p>Meil on hea meel pakkuda kohaletoomist j\u00e4rgmistesse Ida-Virumaa asukohtadesse. Maksumus ja eeldatav tarneaeg on toodud allpool:<\/p>\n\n\n\n<ul class=\"wp-block-list\">\n<li class=\"translation-block\"><strong>Narva<\/strong> \u2013 5 \u20ac (tavaliselt kohaletoimetamine tunni jooksul peale tellimuse vormistamist)<\/li>\n\n\n\n<li class=\"translation-block\"><strong>Olgino<\/strong> \u2013 7 \u20ac<\/li>\n\n\n\n<li class=\"translation-block\"><strong>Peetrii<\/strong> \u2013 12 \u20ac<\/li>\n\n\n\n<li class=\"translation-block\"><strong>Narva-J\u00f5esuu<\/strong> \u2013 15 \u20ac<\/li>\n\n\n\n<li class=\"translation-block\"><strong>Sillam\u00e4e<\/strong> \u2013 20 \u20ac<\/li>\n\n\n\n<li class=\"translation-block\"><strong>J\u00f5hvi<\/strong> \u2013 30 \u20ac<\/li>\n\n\n\n<li class=\"translation-block\"><strong>Kohtla-J\u00e4rve<\/strong> \u2013 32 \u20ac<\/li>\n\n\n\n<li class=\"translation-block\"><strong>Kivi\u00f5li<\/strong> \u2014 40 \u20ac<\/li>\n\n\n\n<li class=\"translation-block\"><strong>Rakvere<\/strong> \u2014 50 \u20ac<\/li>\n<\/ul>\n\n\n\n<blockquote class=\"wp-block-quote is-layout-flow wp-block-quote-is-layout-flow\">\n<p class=\"translation-block\"><strong>M\u00e4rkus.<\/strong> Kui teil on taotlusi kiireloomulise kohaletoimetamise v\u00f5i teistesse piirkondadesse tarnimise kohta, v\u00f5tke meiega otse \u00fchendust ja me p\u00fc\u00fcame teie taotlusi rahuldada. Tellimust vormistades saate m\u00e4\u00e4rata oma eelistatud tarneaja. P\u00fc\u00fcame lilled \u00f5igel ajal kohale toimetada, kuid harvadel juhtudel v\u00f5ib teeoludest ja ummikutest tingitud v\u00e4ikeseid viivitusi.<\/p>\n<\/blockquote>\n\n\n\n<p><\/p>\n\n\n\n<div class=\"wp-block-buttons is-content-justification-center is-layout-flex wp-container-core-buttons-is-layout-16018d1d wp-block-buttons-is-layout-flex\">\n<div class=\"wp-block-button\"><a class=\"wp-block-button__link wp-element-button\">V\u00f5tke \u00fchendust<\/a><\/div>\n<\/div>","protected":false},"excerpt":{"rendered":"<p>\u0414\u043e\u0441\u0442\u0430\u0432\u043a\u0430 \u041c\u044b \u0440\u0430\u0434\u044b \u043f\u0440\u0435\u0434\u043b\u043e\u0436\u0438\u0442\u044c \u0434\u043e\u0441\u0442\u0430\u0432\u043a\u0443 \u043f\u043e \u0441\u043b\u0435\u0434\u0443\u044e\u0449\u0438\u043c \u043d\u0430\u0441\u0435\u043b\u0435\u043d\u043d\u044b\u043c \u043f\u0443\u043d\u043a\u0442\u0430\u043c \u0418\u0434\u0430-\u0412\u0438\u0440\u0443\u043c\u0430\u0430. \u0421\u0442\u043e\u0438\u043c\u043e\u0441\u0442\u044c \u0438 \u043f\u0440\u0438\u043c\u0435\u0440\u043d\u043e\u0435 \u0432\u0440\u0435\u043c\u044f \u0434\u043e\u0441\u0442\u0430\u0432\u043a\u0438 \u0443\u043a\u0430\u0437\u0430\u043d\u044b \u043d\u0438\u0436\u0435: \u041f\u0440\u0438\u043c\u0435\u0447\u0430\u043d\u0438\u0435: \u0415\u0441\u043b\u0438 \u0443 \u0432\u0430\u0441 \u0435\u0441\u0442\u044c \u0437\u0430\u043f\u0440\u043e\u0441\u044b \u043d\u0430 \u0441\u0440\u043e\u0447\u043d\u0443\u044e \u0434\u043e\u0441\u0442\u0430\u0432\u043a\u0443 \u0438\u043b\u0438 \u0434\u043e\u0441\u0442\u0430\u0432\u043a\u0430 \u0432 \u0434\u0440\u0443\u0433\u0438\u0435 \u0440\u0435\u0433\u0438\u043e\u043d\u044b, \u043f\u043e\u0436\u0430\u043b\u0443\u0439\u0441\u0442\u0430, \u0441\u0432\u044f\u0436\u0438\u0442\u0435\u0441\u044c \u0441 \u043d\u0430\u043c\u0438 \u043d\u0430\u043f\u0440\u044f\u043c\u0443\u044e, \u0438 \u043c\u044b \u043f\u043e\u0441\u0442\u0430\u0440\u0430\u0435\u043c\u0441\u044f \u0443\u0447\u0435\u0441\u0442\u044c \u0432\u0430\u0448\u0438 \u043f\u043e\u0436\u0435\u043b\u0430\u043d\u0438\u044f. \u041f\u0440\u0438 \u043e\u0444\u043e\u0440\u043c\u043b\u0435\u043d\u0438\u0438 \u0437\u0430\u043a\u0430\u0437\u0430 \u0432\u044b \u043c\u043e\u0436\u0435\u0442\u0435 \u0443\u043a\u0430\u0437\u0430\u0442\u044c \u043f\u0440\u0435\u0434\u043f\u043e\u0447\u0442\u0438\u0442\u0435\u043b\u044c\u043d\u043e\u0435 \u0432\u0440\u0435\u043c\u044f \u0434\u043e\u0441\u0442\u0430\u0432\u043a\u0438. \u041c\u044b \u0441\u0442\u0440\u0435\u043c\u0438\u043c\u0441\u044f \u0434\u043e\u0441\u0442\u0430\u0432\u0438\u0442\u044c \u0446\u0432\u0435\u0442\u044b&#8230;<\/p>","protected":false},"author":1,"featured_media":0,"parent":0,"menu_order":0,"comment_status":"closed","ping_status":"closed","template":"","meta":{"_kad_post_transparent":"","_kad_post_title":"","_kad_post_layout":"narrow","_kad_post_sidebar_id":"","_kad_post_content_style":"","_kad_post_vertical_padding":"","_kad_post_feature":"","_kad_post_feature_position":"","_kad_post_header":false,"_kad_post_footer":false,"_kad_post_classname":"","footnotes":""},"class_list":["post-1756","page","type-page","status-publish","hentry"],"jetpack_sharing_enabled":true,"_links":{"self":[{"href":"https:\/\/cvetochka.ee\/et\/wp-json\/wp\/v2\/pages\/1756","targetHints":{"allow":["GET"]}}],"collection":[{"href":"https:\/\/cvetochka.ee\/et\/wp-json\/wp\/v2\/pages"}],"about":[{"href":"https:\/\/cvetochka.ee\/et\/wp-json\/wp\/v2\/types\/page"}],"author":[{"embeddable":true,"href":"https:\/\/cvetochka.ee\/et\/wp-json\/wp\/v2\/users\/1"}],"replies":[{"embeddable":true,"href":"https:\/\/cvetochka.ee\/et\/wp-json\/wp\/v2\/comments?post=1756"}],"version-history":[{"count":3,"href":"https:\/\/cvetochka.ee\/et\/wp-json\/wp\/v2\/pages\/1756\/revisions"}],"predecessor-version":[{"id":1773,"href":"https:\/\/cvetochka.ee\/et\/wp-json\/wp\/v2\/pages\/1756\/revisions\/1773"}],"wp:attachment":[{"href":"https:\/\/cvetochka.ee\/et\/wp-json\/wp\/v2\/media?parent=1756"}],"curies":[{"name":"wp","href":"https:\/\/api.w.org\/{rel}","templated":true}]}}