{"id":1754,"date":"2024-11-08T15:19:12","date_gmt":"2024-11-08T12:19:12","guid":{"rendered":"https:\/\/cvetochka.ee\/?page_id=1754"},"modified":"2024-11-08T21:15:19","modified_gmt":"2024-11-08T18:15:19","slug":"%d0%b2%d0%be%d0%b7%d0%b2%d1%80%d0%b0%d1%82%d1%8b-%d0%b8-%d0%be%d0%b1%d0%bc%d0%b5%d0%bd","status":"publish","type":"page","link":"https:\/\/cvetochka.ee\/et\/%d0%b2%d0%be%d0%b7%d0%b2%d1%80%d0%b0%d1%82%d1%8b-%d0%b8-%d0%be%d0%b1%d0%bc%d0%b5%d0%bd\/","title":{"rendered":"Tagastamine ja vahetus"},"content":{"rendered":"<figure class=\"wp-block-image size-large is-resized\">\n    <img fetchpriority=\"high\" decoding=\"async\" width=\"1024\" height=\"408\" src=\"https:\/\/cvetochka.ee\/wp-content\/uploads\/2024\/11\/bg4-1024x408.png\" alt=\"\" class=\"wp-image-1156\" style=\"width:1178px;height:auto; border-radius: 4px;\" srcset=\"https:\/\/cvetochka.ee\/wp-content\/uploads\/2024\/11\/bg4-1024x408.png 1024w, https:\/\/cvetochka.ee\/wp-content\/uploads\/2024\/11\/bg4-700x279.png 700w, https:\/\/cvetochka.ee\/wp-content\/uploads\/2024\/11\/bg4-300x119.png 300w, https:\/\/cvetochka.ee\/wp-content\/uploads\/2024\/11\/bg4-768x306.png 768w, https:\/\/cvetochka.ee\/wp-content\/uploads\/2024\/11\/bg4-1536x612.png 1536w, https:\/\/cvetochka.ee\/wp-content\/uploads\/2024\/11\/bg4.png 1728w\" sizes=\"(max-width: 1024px) 100vw, 1024px\" \/>\n<\/figure>\n\n\n\n<p><strong>Tagastamine ja vahetus<\/strong><\/p>\n\n\n\n<p>Garanteerime k\u00f5ikidele meie lilledele ja seadetele k\u00f5rge kvaliteedi ja v\u00e4rskuse. <br><br>Pange t\u00e4hele, et:<\/p>\n\n\n\n<ul class=\"wp-block-list\">\n<li class=\"translation-block\"><strong>Lillede vahetamist ja tagastamist<\/strong> ei pakuta. Lilled on kiiresti riknev kaup ja me ei saa neid p\u00e4rast kohaletoimetamist tagasi v\u00f5tta.<\/li>\n\n\n\n<li class=\"translation-block\"><strong>Tellimis- v\u00f5i kvaliteediprobleemide<\/strong> korral (nt lilled ei vasta tellitud kirjeldusele), v\u00f5tke meiega \u00fchendust <strong>24 tunni<\/strong> jooksul p\u00e4rast k\u00e4ttesaamist. K\u00f5ik probleemsed olukorrad lahendab meie juht individuaalselt, arvestades olukorda ja teie soove.<\/li>\n<\/ul>\n\n\n\n<blockquote class=\"wp-block-quote is-layout-flow wp-block-quote-is-layout-flow\">\n<p>Teeme k\u00f5ik endast oleneva, et iga tellimus meie klientidele meeldiks ning oleme alati avatud suhtlemisele k\u00f5ikide k\u00fcsimuste ja soovide korral.<\/p>\n<\/blockquote>\n\n\n\n<p><\/p>\n\n\n\n<div class=\"wp-block-buttons is-content-justification-center is-layout-flex wp-container-core-buttons-is-layout-16018d1d wp-block-buttons-is-layout-flex\">\n<div class=\"wp-block-button\"><a class=\"wp-block-button__link wp-element-button\" href=\"https:\/\/cvetochka.ee\/et\/contact\/\">V\u00f5tke \u00fchendust<\/a><\/div>\n<\/div>\n\n\n\n<p><\/p>","protected":false},"excerpt":{"rendered":"<p>\u0412\u043e\u0437\u0432\u0440\u0430\u0442 \u0438 \u043e\u0431\u043c\u0435\u043d \u041c\u044b \u0433\u0430\u0440\u0430\u043d\u0442\u0438\u0440\u0443\u0435\u043c \u0432\u044b\u0441\u043e\u043a\u043e\u0435 \u043a\u0430\u0447\u0435\u0441\u0442\u0432\u043e \u0438 \u0441\u0432\u0435\u0436\u0435\u0441\u0442\u044c \u0432\u0441\u0435\u0445 \u043d\u0430\u0448\u0438\u0445 \u0446\u0432\u0435\u0442\u043e\u0432 \u0438 \u043a\u043e\u043c\u043f\u043e\u0437\u0438\u0446\u0438\u0439. \u041f\u043e\u0436\u0430\u043b\u0443\u0439\u0441\u0442\u0430, \u043e\u0431\u0440\u0430\u0442\u0438\u0442\u0435 \u0432\u043d\u0438\u043c\u0430\u043d\u0438\u0435, \u0447\u0442\u043e: \u041c\u044b \u0434\u0435\u043b\u0430\u0435\u043c \u0432\u0441\u0435 \u0432\u043e\u0437\u043c\u043e\u0436\u043d\u043e\u0435, \u0447\u0442\u043e\u0431\u044b \u043a\u0430\u0436\u0434\u044b\u0439 \u0437\u0430\u043a\u0430\u0437 \u0440\u0430\u0434\u043e\u0432\u0430\u043b \u043d\u0430\u0448\u0438\u0445 \u043a\u043b\u0438\u0435\u043d\u0442\u043e\u0432, \u0438 \u0432\u0441\u0435\u0433\u0434\u0430 \u043e\u0442\u043a\u0440\u044b\u0442\u044b \u0434\u043b\u044f \u043e\u0431\u0449\u0435\u043d\u0438\u044f \u043f\u043e \u043b\u044e\u0431\u044b\u043c \u0432\u043e\u043f\u0440\u043e\u0441\u0430\u043c \u0438 \u043f\u043e\u0436\u0435\u043b\u0430\u043d\u0438\u044f\u043c.<\/p>","protected":false},"author":1,"featured_media":0,"parent":0,"menu_order":0,"comment_status":"closed","ping_status":"closed","template":"","meta":{"_kad_post_transparent":"","_kad_post_title":"","_kad_post_layout":"narrow","_kad_post_sidebar_id":"","_kad_post_content_style":"default","_kad_post_vertical_padding":"default","_kad_post_feature":"default","_kad_post_feature_position":"","_kad_post_header":false,"_kad_post_footer":false,"_kad_post_classname":"","footnotes":""},"class_list":["post-1754","page","type-page","status-publish","hentry"],"jetpack_sharing_enabled":true,"_links":{"self":[{"href":"https:\/\/cvetochka.ee\/et\/wp-json\/wp\/v2\/pages\/1754","targetHints":{"allow":["GET"]}}],"collection":[{"href":"https:\/\/cvetochka.ee\/et\/wp-json\/wp\/v2\/pages"}],"about":[{"href":"https:\/\/cvetochka.ee\/et\/wp-json\/wp\/v2\/types\/page"}],"author":[{"embeddable":true,"href":"https:\/\/cvetochka.ee\/et\/wp-json\/wp\/v2\/users\/1"}],"replies":[{"embeddable":true,"href":"https:\/\/cvetochka.ee\/et\/wp-json\/wp\/v2\/comments?post=1754"}],"version-history":[{"count":10,"href":"https:\/\/cvetochka.ee\/et\/wp-json\/wp\/v2\/pages\/1754\/revisions"}],"predecessor-version":[{"id":1770,"href":"https:\/\/cvetochka.ee\/et\/wp-json\/wp\/v2\/pages\/1754\/revisions\/1770"}],"wp:attachment":[{"href":"https:\/\/cvetochka.ee\/et\/wp-json\/wp\/v2\/media?parent=1754"}],"curies":[{"name":"wp","href":"https:\/\/api.w.org\/{rel}","templated":true}]}}